{"id":7564,"date":"2025-07-29T16:39:58","date_gmt":"2025-07-29T16:39:58","guid":{"rendered":"https:\/\/www.culturatlaxcala.com.mx\/?page_id=7564"},"modified":"2026-03-18T00:57:32","modified_gmt":"2026-03-18T00:57:32","slug":"directorio-2","status":"publish","type":"page","link":"https:\/\/www.culturatlaxcala.com.mx\/index.php\/directorio-2\/","title":{"rendered":"DIRECTORIO"},"content":{"rendered":"\n<figure class=\"wp-block-table\"><table class=\"has-fixed-layout\"><thead><tr><th>Dependencia \/ \u00c1rea<\/th><th>Responsable<\/th><th>Direcci\u00f3n<\/th><th>Tel\u00e9fono<\/th><th>Correo<\/th><\/tr><\/thead><tbody><tr><td>Secretar\u00eda de Cultura<\/td><td>Mtra. Karen \u00c1lvarez Villeda<\/td><td>Plaza de la Constituci\u00f3n N\u00b0 21, Centro Tlaxcala, Tlax. \/ Fernando Solana N\u00b0 1, San Luis Apizaquito, Apizaco Tlaxcala.<\/td><td>241 418 8960 Ext:120<\/td><td><a href=\"mailto:despacho@culturatlaxcala.com.mx\">despacho@culturatlaxcala.com.mx<\/a><\/td><\/tr><tr><td>Particular<\/td><td>Lic. Carolina P\u00e9rez Olvera<\/td><td>Museo de Arte de Tlaxcala, Plaza de la Constituci\u00f3n N\u00b0 21, Centro, Tlaxcala, Tlax.<\/td><td>241 418 8960 Ext:120<\/td><td>despacho@culturatlaxcala.com.mx<\/td><\/tr><tr><td>Direcci\u00f3n Administrativa<\/td><td>Lic. Laura Garc\u00eda S\u00e1nchez<\/td><td>Fernando Solana N\u00b0 1, San Luis Apizaquito, Apizaco Tlaxcala.<\/td><td>241 418 8960 Ext:122<\/td><td><a href=\"mailto:administracion@culturatlaxcala.com.mx\">administracion@culturatlaxcala.com.mx<\/a><\/td><\/tr><tr><td>Departamento Jur\u00eddico<\/td><td>Lic. Francisco Javier Santill\u00e1n Cuauhtle<\/td><td>Museo Miguel N. Lira, Av. Independencia N\u00b0 6, Col. Centro, Tlaxcala, Tlax.<\/td><td>246 117 5209 Ext:155<\/td><td>&nbsp;<\/td><\/tr><tr><td>Departamento de Log\u00edstica<\/td><td>Lic. Alejandra Carvajal Gonz\u00e1lez<\/td><td>Fernando Solana N\u00b0 1, San Luis Apizaquito, Apizaco Tlaxcala.<\/td><td>241 418 8960 Ext:151<\/td><td>&nbsp;<\/td><\/tr><tr><td>Departamento de Difusi\u00f3n y Vinculaci\u00f3n Cultural<\/td><td>Lic. Jes\u00fas Rogelio III Paredes Hidalgo<\/td><td>Museo Miguel N. Lira, Av. Independencia N\u00b0 6, Col. Centro, Tlaxcala, Tlax.<\/td><td>246 117 5209 Ext:148<\/td><td>&nbsp;<\/td><\/tr><tr><td>Departamento de Innovaci\u00f3n Art\u00edstica y Cultural<\/td><td>Lic. Jacqueline Espa\u00f1a Capilla<\/td><td>Museo de Arte de Tlaxcala (Plaza de la Constituci\u00f3n N\u00b0 21, Centro, Tlaxcala, Tlax.)<\/td><td>&nbsp;<\/td><td>&nbsp;<\/td><\/tr><tr><td>Centro de las Artes Tlaxcala<\/td><td>C.R Marco Venchuratt<\/td><td>Fernando Solana N\u00b0 1, San Luis Apizaquito, Apizaco Tlaxcala.<\/td><td>241 418 8960 Ext:178<\/td><td>&nbsp;<\/td><\/tr><tr><td>Direcci\u00f3n de Patrimonio Cultural<\/td><td>Mtra. Luz Magaly Cruces Arteaga<\/td><td>Museo de Arte de Tlaxcala, Plaza de la Constituci\u00f3n N\u00b0 21, Centro, Tlaxcala, Tlax.<\/td><td>&nbsp;<\/td><td><a href=\"mailto:recdemuseos@culturatlaxcala.com.mx\">recdemuseos@culturatlaxcala.com.mx<\/a><\/td><\/tr><tr><td>Museo Miguel N. Lira<\/td><td>Mtra. Gabriela Conde Moreno<\/td><td>Av. Independencia N\u00b0 6, Col. Centro, Tlaxcala, Tlax.<\/td><td>246 117 5209<\/td><td>&nbsp;<\/td><\/tr><tr><td>Museo de la Memoria<\/td><td>Arq. Francisco Mart\u00ednez Hern\u00e1ndez<\/td><td>Av. Independencia N\u00b0 3, Col. Centro, Tlaxcala, Tlax.<\/td><td>246 846 0792<\/td><td>&nbsp;<\/td><\/tr><tr><td>Museo Nacional del T\u00edtere<\/td><td>Mtro. Ignacio Tapia Echavarr\u00eda<\/td><td>Parque Ju\u00e1rez N\u00b0 15, Col. Centro, Huamantla, Tlax.<\/td><td>247 472 1033<\/td><td>&nbsp;<\/td><\/tr><tr><td>Museo de la Radio<\/td><td>Mtro. Sinuhe Z\u00e1rate M\u00e9ndez<\/td><td>Fernando Solana N\u00b0 1, San Luis Apizaquito, Apizaco Tlaxcala.<\/td><td>241 418 8960 Ext:180<\/td><td>&nbsp;<\/td><\/tr><tr><td>Oficina de Atenci\u00f3n a la Diversidad Sexual<\/td><td>Lic. Adil Aranzuvia Ju\u00e1rez<\/td><td>Palacio de la Cultura, Av. Ju\u00e1rez No. 62, Col. Centro, Tlaxcala, Tlax<\/td><td><\/td><td>&nbsp;<\/td><\/tr><tr><td>Teatro Xicoht\u00e9ncatl<\/td><td>Lic. Alejandra Nahomi Garibay Camarillo<\/td><td>Av. Ju\u00e1rez N\u00b0 21, Col. Centro, Tlaxcala, Tlax.<\/td><td>246 846 2073<\/td><td>\u00a0teatroxico@hotmail.com  teatroxicosecutlax@gmail.com<\/td><\/tr><tr><td>Direcci\u00f3n de Extensi\u00f3n Cultural<\/td><td>Antrop. Juan Carlos Ramos Mora<\/td><td>Fernando Solana N\u00b0 1, San Luis Apizaquito, Apizaco Tlaxcala.<\/td><td>241 418 8960 Ext:163<\/td><td><a href=\"mailto:extension@culturatlaxcala.com.mx\">extension@culturatlaxcala.com.mx<\/a><\/td><\/tr><tr><td>Direcci\u00f3n de Ense\u00f1anza Art\u00edstica<\/td><td>Mtra. Helena Hern\u00e1ndez de Valle-Arizpe<\/td><td>Fernando Solana N\u00b0 1, San Luis Apizaquito, Apizaco Tlaxcala.<\/td><td>241 418 8960 Ext:205<\/td><td>&nbsp;<\/td><\/tr><tr><td>Escuela de Arte de Tlaxcala<\/td><td>Mtra. Rosa Mar\u00eda Lucio Parra<\/td><td>Fernando Solana N\u00b0 1, San Luis Apizaquito, Apizaco Tlaxcala.<\/td><td>241 418 8960 Ext:158<\/td><td>&nbsp;<\/td><\/tr><tr><td>Escuela de M\u00fasica del Estado de Tlaxcala<\/td><td>Mtro. Israel Gheno L\u00f3pez<\/td><td>Fernando Solana N\u00b0 1, San Luis Apizaquito, Apizaco Tlaxcala.<\/td><td>241 418 8960 Ext:205<\/td><td>emet@culturatlaxcala.com.mx<\/td><\/tr><tr><td>Casa de M\u00fasica del Estado de Tlaxcala<\/td><td>Mtra. Rosa Mar\u00eda V\u00e1zquez L\u00f3pez<\/td><td>Calle Lardizabal N\u00b0 14, Col. Centro, Tlaxcala, Tlax.<\/td><td>246 117 5275<\/td><td>&nbsp;<\/td><\/tr><\/tbody><\/table><\/figure>\n\n\n\n<p><\/p>\n","protected":false},"excerpt":{"rendered":"<p>Dependencia \/ \u00c1rea Responsable Direcci\u00f3n Tel\u00e9fono Correo Secretar\u00eda de Cultura Mtra. Karen \u00c1lvarez Villeda Plaza de la Constituci\u00f3n N\u00b0 21, Centro Tlaxcala, Tlax. \/ Fernando Solana N\u00b0 1, San Luis Apizaquito, Apizaco Tlaxcala. 241 418 8960 Ext:120 despacho@culturatlaxcala.com.mx Particular Lic. Carolina P\u00e9rez Olvera Museo de Arte de Tlaxcala, Plaza de la Constituci\u00f3n N\u00b0 21, Centro,<\/p>\n<p><a href=\"https:\/\/www.culturatlaxcala.com.mx\/index.php\/directorio-2\/\" class=\"more-link themebutton\">Read More<\/a><\/p>\n","protected":false},"author":1,"featured_media":0,"parent":0,"menu_order":0,"comment_status":"closed","ping_status":"closed","template":"","meta":{"footnotes":""},"class_list":["post-7564","page","type-page","status-publish","hentry"],"_links":{"self":[{"href":"https:\/\/www.culturatlaxcala.com.mx\/index.php\/wp-json\/wp\/v2\/pages\/7564","targetHints":{"allow":["GET"]}}],"collection":[{"href":"https:\/\/www.culturatlaxcala.com.mx\/index.php\/wp-json\/wp\/v2\/pages"}],"about":[{"href":"https:\/\/www.culturatlaxcala.com.mx\/index.php\/wp-json\/wp\/v2\/types\/page"}],"author":[{"embeddable":true,"href":"https:\/\/www.culturatlaxcala.com.mx\/index.php\/wp-json\/wp\/v2\/users\/1"}],"replies":[{"embeddable":true,"href":"https:\/\/www.culturatlaxcala.com.mx\/index.php\/wp-json\/wp\/v2\/comments?post=7564"}],"version-history":[{"count":11,"href":"https:\/\/www.culturatlaxcala.com.mx\/index.php\/wp-json\/wp\/v2\/pages\/7564\/revisions"}],"predecessor-version":[{"id":8492,"href":"https:\/\/www.culturatlaxcala.com.mx\/index.php\/wp-json\/wp\/v2\/pages\/7564\/revisions\/8492"}],"wp:attachment":[{"href":"https:\/\/www.culturatlaxcala.com.mx\/index.php\/wp-json\/wp\/v2\/media?parent=7564"}],"curies":[{"name":"wp","href":"https:\/\/api.w.org\/{rel}","templated":true}]}}