{"id":5827,"date":"2024-10-07T15:59:19","date_gmt":"2024-10-07T15:59:19","guid":{"rendered":"http:\/\/www.culturatlaxcala.com.mx\/?page_id=5827"},"modified":"2024-10-07T16:29:38","modified_gmt":"2024-10-07T16:29:38","slug":"contraloria-social-profest-2024","status":"publish","type":"page","link":"https:\/\/www.culturatlaxcala.com.mx\/index.php\/transparencia\/contraloria-social-profest-2024\/","title":{"rendered":"Contraloria Social PROFEST 2024"},"content":{"rendered":"\n<figure class=\"wp-block-image size-full\"><img loading=\"lazy\" decoding=\"async\" width=\"871\" height=\"555\" src=\"http:\/\/www.culturatlaxcala.com.mx\/wp-content\/uploads\/2024\/10\/portada_profest2024.jpg\" alt=\"\" class=\"wp-image-5828\" srcset=\"https:\/\/www.culturatlaxcala.com.mx\/wp-content\/uploads\/2024\/10\/portada_profest2024.jpg 871w, https:\/\/www.culturatlaxcala.com.mx\/wp-content\/uploads\/2024\/10\/portada_profest2024-300x191.jpg 300w, https:\/\/www.culturatlaxcala.com.mx\/wp-content\/uploads\/2024\/10\/portada_profest2024-768x489.jpg 768w\" sizes=\"auto, (max-width: 871px) 100vw, 871px\" \/><\/figure>\n\n\n\n<p><strong>DOCUMENTOS NORMATIVOS<\/strong><br><a href=\"http:\/\/www.culturatlaxcala.com.mx\/profest2024\/1_1 Esquema.pdf\" target=\"_blank\" rel=\"noreferrer noopener\">1.- Esquema<\/a><br><a href=\"http:\/\/www.culturatlaxcala.com.mx\/profest2024\/1_2 Gu\u00eda Operativa.pdf\" target=\"_blank\" rel=\"noreferrer noopener\">2.- Gu\u00eda Operativa<\/a><br><a href=\"http:\/\/www.culturatlaxcala.com.mx\/profest2024\/1_3 Anexos Gu\u00eda Operativa 2024.pdf\" target=\"_blank\" rel=\"noreferrer noopener\">3.- Anexo de la Gu\u00eda Operativa<\/a><br>\n<a href=\"http:\/\/www.culturatlaxcala.com.mx\/profest2024\/1_4 PATCS.pdf\" target=\"_blank\" rel=\"noreferrer noopener\">4.- PATCS<\/a>\n<\/p>\n\n\n\n<p><strong>MATERIAL DE DIFUSI\u00d3N<\/strong><br><a href=\"http:\/\/www.culturatlaxcala.com.mx\/profest2024\/2_1 Tr\u00edptico.pdf\" target=\"_blank\" rel=\"noreferrer noopener\">1.- Tr\u00edptico<\/a><br><a href=\"http:\/\/www.culturatlaxcala.com.mx\/profest2024\/2_2 Infograf\u00eda Contralor\u00eda Social.pdf\" target=\"_blank\" rel=\"noreferrer noopener\">2.- Infograf\u00eda Contraloria Social<\/a><br><a href=\"http:\/\/www.culturatlaxcala.com.mx\/profest2024\/2_3 Infograf\u00eda Quejas y Denuncias.pdf\" target=\"_blank\" rel=\"noreferrer noopener\">3.- Infograf\u00eda Quejas y Denuncias<\/a><\/p>\n\n\n\n<p><strong>MATERIAL DE CAPACITACI\u00d3N<\/strong><br><a href=\"http:\/\/www.culturatlaxcala.com.mx\/profest2024\/3_1 Cuadernillo 2024.pdf\" target=\"_blank\" rel=\"noreferrer noopener\">1.- Cuadernillo 2024<\/a><br><a href=\"http:\/\/www.culturatlaxcala.com.mx\/profest2024\/3_2 Infograf\u00eda Normatividad Aplicable.pdf\" target=\"_blank\" rel=\"noreferrer noopener\">2.- Infograf\u00eda Normatividad Aplicable<\/a><br><a href=\"http:\/\/www.culturatlaxcala.com.mx\/profest2024\/3_3 Qu\u00e9 es PROFEST 2024.pdf\" target=\"_blank\" rel=\"noreferrer noopener\">3.- Qu\u00e9 es PROFEST 2024<\/a><br> <a href=\"http:\/\/www.culturatlaxcala.com.mx\/profest2024\/3_4 Qu\u00e9 es la Contralor\u00eda Social 2024.pdf\" target=\"_blank\" rel=\"noreferrer noopener\">3.- Qu\u00e9 es la Contralor\u00eda Social 2024<\/a><br>\n<a href=\"http:\/\/www.culturatlaxcala.com.mx\/profest2024\/3_5 Los riesgos \u00e9ticos de los Contralores Sociales 2024.pdf\" target=\"_blank\" rel=\"noreferrer noopener\">4.- Los riesgos \u00e9ticos de los Contralores Sociales 2024<\/a><br> <a href=\"http:\/\/www.culturatlaxcala.com.mx\/profest2024\/3_6 Gu\u00eda.pdf\" target=\"_blank\" rel=\"noreferrer noopener\">5.- Gu\u00eda<\/a>\n<\/p>\n\n\n\n<p><\/p>\n","protected":false},"excerpt":{"rendered":"<p>DOCUMENTOS NORMATIVOS1.- Esquema2.- Gu\u00eda Operativa3.- Anexo de la Gu\u00eda Operativa 4.- PATCS MATERIAL DE DIFUSI\u00d3N1.- Tr\u00edptico2.- Infograf\u00eda Contraloria Social3.- Infograf\u00eda Quejas y Denuncias MATERIAL DE CAPACITACI\u00d3N1.- Cuadernillo 20242.- Infograf\u00eda Normatividad Aplicable3.- Qu\u00e9 es PROFEST 2024 3.- Qu\u00e9 es la Contralor\u00eda Social 2024 4.- Los riesgos \u00e9ticos de los Contralores Sociales 2024 5.- Gu\u00eda<\/p>\n","protected":false},"author":1,"featured_media":0,"parent":70,"menu_order":0,"comment_status":"closed","ping_status":"closed","template":"","meta":{"footnotes":""},"class_list":["post-5827","page","type-page","status-publish","hentry"],"_links":{"self":[{"href":"https:\/\/www.culturatlaxcala.com.mx\/index.php\/wp-json\/wp\/v2\/pages\/5827","targetHints":{"allow":["GET"]}}],"collection":[{"href":"https:\/\/www.culturatlaxcala.com.mx\/index.php\/wp-json\/wp\/v2\/pages"}],"about":[{"href":"https:\/\/www.culturatlaxcala.com.mx\/index.php\/wp-json\/wp\/v2\/types\/page"}],"author":[{"embeddable":true,"href":"https:\/\/www.culturatlaxcala.com.mx\/index.php\/wp-json\/wp\/v2\/users\/1"}],"replies":[{"embeddable":true,"href":"https:\/\/www.culturatlaxcala.com.mx\/index.php\/wp-json\/wp\/v2\/comments?post=5827"}],"version-history":[{"count":5,"href":"https:\/\/www.culturatlaxcala.com.mx\/index.php\/wp-json\/wp\/v2\/pages\/5827\/revisions"}],"predecessor-version":[{"id":5834,"href":"https:\/\/www.culturatlaxcala.com.mx\/index.php\/wp-json\/wp\/v2\/pages\/5827\/revisions\/5834"}],"up":[{"embeddable":true,"href":"https:\/\/www.culturatlaxcala.com.mx\/index.php\/wp-json\/wp\/v2\/pages\/70"}],"wp:attachment":[{"href":"https:\/\/www.culturatlaxcala.com.mx\/index.php\/wp-json\/wp\/v2\/media?parent=5827"}],"curies":[{"name":"wp","href":"https:\/\/api.w.org\/{rel}","templated":true}]}}