{"id":39,"date":"2022-03-30T02:43:45","date_gmt":"2022-03-30T02:43:45","guid":{"rendered":"http:\/\/www.culturatlaxcala.com.mx\/?page_id=39"},"modified":"2025-08-01T18:09:40","modified_gmt":"2025-08-01T18:09:40","slug":"red-de-museos","status":"publish","type":"page","link":"https:\/\/www.culturatlaxcala.com.mx\/index.php\/infraestructura\/red-de-museos\/","title":{"rendered":"RED DE MUSEOS"},"content":{"rendered":"\n<figure class=\"wp-block-image size-full\"><img loading=\"lazy\" decoding=\"async\" width=\"137\" height=\"137\" src=\"http:\/\/www.culturatlaxcala.com.mx\/wp-content\/uploads\/2022\/03\/mat.jpg\" alt=\"\" class=\"wp-image-97\"\/><\/figure>\n\n\n\n<p><strong>Museo de Arte de Tlaxcala (MAT)<\/strong><br>Municipio: Tlaxcala<br>Colonia: Centro Hist\u00f3rico<br>cp: 90000<br>Calle y n\u00famero: Plaza de la Constituci\u00f3n 21<br>Tel\u00e9fono 1: (246) 4660352<br>&nbsp;<\/p>\n\n\n\n<hr class=\"wp-block-separator has-css-opacity\"\/>\n\n\n\n<p><strong>Museo Miguel N. Lira<\/strong><\/p>\n\n\n\n<figure class=\"wp-block-image size-full\"><img loading=\"lazy\" decoding=\"async\" width=\"212\" height=\"212\" src=\"http:\/\/www.culturatlaxcala.com.mx\/wp-content\/uploads\/2022\/03\/nlira.jpg\" alt=\"\" class=\"wp-image-99\" srcset=\"https:\/\/www.culturatlaxcala.com.mx\/wp-content\/uploads\/2022\/03\/nlira.jpg 212w, https:\/\/www.culturatlaxcala.com.mx\/wp-content\/uploads\/2022\/03\/nlira-150x150.jpg 150w\" sizes=\"auto, (max-width: 212px) 100vw, 212px\" \/><\/figure>\n\n\n\n<p>Municipio: Tlaxcala<br>Colonia: Centro<br>cp: 90000<br>Calle y n\u00famero: Av. Independencia N\u00fam. 6<br>Tel\u00e9fono 1: (246) 11 75 2 09<br>&nbsp;<\/p>\n\n\n\n<hr class=\"wp-block-separator has-css-opacity\"\/>\n\n\n\n<p><strong>Museo Nacional del T\u00edtere<\/strong><\/p>\n\n\n\n<figure class=\"wp-block-image size-full\"><img loading=\"lazy\" decoding=\"async\" width=\"142\" height=\"142\" src=\"http:\/\/www.culturatlaxcala.com.mx\/wp-content\/uploads\/2022\/03\/MUNATI.jpg\" alt=\"\" class=\"wp-image-100\"\/><\/figure>\n\n\n\n<p><br>Municipio: Huamantla<br>Colonia: Centro Hist\u00f3rico<br>cp: 90500<br>Calle y n\u00famero: Parque Ju\u00e1rez 15<br>Tel\u00e9fono 1: (247) 472 1033<br><br>&nbsp;<\/p>\n\n\n\n<hr class=\"wp-block-separator has-css-opacity\"\/>\n\n\n\n<p><strong>Pinacoteca<\/strong>&nbsp;\u201cDesiderio Hern\u00e1ndez Xochitiotzin\u201d<\/p>\n\n\n\n<figure class=\"wp-block-image size-full\"><img loading=\"lazy\" decoding=\"async\" width=\"139\" height=\"139\" src=\"http:\/\/www.culturatlaxcala.com.mx\/wp-content\/uploads\/2022\/03\/pinacoteca.jpg\" alt=\"\" class=\"wp-image-102\"\/><\/figure>\n\n\n\n<p><br>Municipio: Tlaxcala<br>Colonia: Centro<br>cp: 90000<br>Calle y N\u00famero: Guerrero No. 15, Col. Centro, Tlaxcala<br>Tel\u00e9fono: (246) 4621510<br><br>&nbsp;<\/p>\n\n\n\n<hr class=\"wp-block-separator has-css-opacity\"\/>\n\n\n\n<p><strong>Museo de Tlaxco<\/strong><\/p>\n\n\n\n<figure class=\"wp-block-image size-full\"><img loading=\"lazy\" decoding=\"async\" width=\"145\" height=\"145\" src=\"http:\/\/www.culturatlaxcala.com.mx\/wp-content\/uploads\/2022\/03\/mtlaxco.jpg\" alt=\"\" class=\"wp-image-104\"\/><\/figure>\n\n\n\n<p><br>Municipio: Tlaxco<br>Colonia: Centro<br>Calle y n\u00famero: Benito Ju\u00e1rez 8, CP: 90250<br><br><br>&nbsp;<\/p>\n\n\n\n<hr class=\"wp-block-separator has-css-opacity\"\/>\n\n\n\n<p><strong>Museo de la Radio<\/strong>, Centro de las Artes<\/p>\n\n\n\n<figure class=\"wp-block-image size-full\"><img loading=\"lazy\" decoding=\"async\" width=\"150\" height=\"150\" src=\"http:\/\/www.culturatlaxcala.com.mx\/wp-content\/uploads\/2022\/03\/mRadio.jpg\" alt=\"\" class=\"wp-image-106\"\/><\/figure>\n\n\n\n<p><br>Municipio: Apizaco<br>Calle Fernando Solana No. 1a. Secci\u00f3n, San Luis Apizaquito, Apizaco<br>Tel. 01 241 41 88960 ext. 180<\/p>\n\n\n\n<hr class=\"wp-block-separator has-alpha-channel-opacity\"\/>\n\n\n\n<p><strong>Museo de la Memoria<\/strong><\/p>\n\n\n\n<figure class=\"wp-block-image size-full\"><img loading=\"lazy\" decoding=\"async\" width=\"300\" height=\"168\" src=\"http:\/\/www.culturatlaxcala.com.mx\/wp-content\/uploads\/2024\/07\/Museo_Memoria_01-1.jpg\" alt=\"\" class=\"wp-image-5192\"\/><\/figure>\n\n\n\n<p>El Museo de la Memoria, es un espacio de encuentro, de inclusi\u00f3n, de aprendizaje con la historia de Tlaxcala, con los acontecimientos pasados y contempor\u00e1neos que integran la memoria colectiva. \u00c9ste se aloja en un inmueble hist\u00f3rico del siglo XVII. La arquitectura de este monumento patrimonial responde a la necesidad de integrarse con otros espacios y en conjunto interactuar con la cotidianidad de una sociedad; su funcionalidad la conforman los elementos constructivos, la colecci\u00f3n, el mobiliario y la efusividad de sus visitantes.<\/p>\n\n\n\n<p>El confort y la calidez de este espacio, debe albergar elementos tangibles e intangibles, as\u00ed como sensibles para comprender las necesidades de los ni\u00f1os, los j\u00f3venes y los adultos mayores, para extenderse hacia nuevas sensaciones, es as\u00ed como, combinado con la obra, \u00e9sta transmuta de un guion r\u00edgido a un territorio muse\u00edstico incluyente con condiciones especiales, creativas, sensitivas y art\u00edsticas a trav\u00e9s de una visita que provoque la experimentaci\u00f3n.<\/p>\n\n\n\n<p>El museo es generador de elementos que fortalecen la identidad y preserva la memoria, por ello debe haber un plan estrat\u00e9gico de inmersi\u00f3n y colaboraci\u00f3n multidisciplinaria, donde los recursos acad\u00e9micos, de investigaci\u00f3n, educativos y de difusi\u00f3n sean parte sustantiva y medular de la planeaci\u00f3n en el Museo de la Memoria de Tlaxcala.<\/p>\n\n\n\n<p><strong>Misi\u00f3n<\/strong><\/p>\n\n\n\n<p>El Museo de la Memoria de Tlaxcala investiga, conserva, difunde, y mantiene el patrimonio cultural de los Tlaxcaltecas en su etapa virreinal y hasta el siglo XVIII, el cual contribuye al fortalecimiento de la identidad de los habitantes del Estado.<\/p>\n\n\n\n<p><strong>Visi\u00f3n<\/strong><\/p>\n\n\n\n<p>Ser un referente consolidado en lo expositivo y de actividades acad\u00e9micas en el Estado donde se exhiban diversas propuestas art\u00edsticas, de excelencia patrimonial e hist\u00f3rica expositiva, capacidad educativa, documental e interacci\u00f3n con el usuario, contribuyendo as\u00ed al valor muse\u00edstico, a las necesidades y deseos de conocimientos de la sociedad contempor\u00e1nea.<\/p>\n\n\n\n<p><strong>Objetivos Estrat\u00e9gico<\/strong>s<\/p>\n\n\n\n<ul class=\"wp-block-list\">\n<li>Generar espacios de intercambio acad\u00e9mico con instituciones de educaci\u00f3n superior en temas afines a la propuesta curatorial (hist\u00f3rico) del museo.<\/li>\n\n\n\n<li>Organizar y planear acciones para la salvaguarda del patrimonio material e inmaterial con instituciones acad\u00e9micas, nacionales e internacionales afines a la historia de Tlaxcala.<\/li>\n\n\n\n<li>Crear estrategias de comunicaci\u00f3n entre el museo y los diversos p\u00fablicos llamados no p\u00fablicos para incorporar sus necesidades e intereses a la planeaci\u00f3n de actividades del espacio museal.<\/li>\n\n\n\n<li>Transformar al museo en un espacio democratizador e inclusivo que refleje las distintas comunidades que represente.<\/li>\n\n\n\n<li>Potenciar la visita de nuevos p\u00fablicos al interior y exterior del Museo a trav\u00e9s de la generaci\u00f3n de proyectos expositivos, l\u00fadicos, creativos e innovadores para acercar a las comunidades inmediatas y mediatas.<\/li>\n<\/ul>\n\n\n\n<p><strong>Servicios Generales<\/strong><\/p>\n\n\n\n<figure class=\"wp-block-image size-full\"><img loading=\"lazy\" decoding=\"async\" width=\"200\" height=\"143\" src=\"http:\/\/www.culturatlaxcala.com.mx\/wp-content\/uploads\/2024\/07\/Museo_Memoria_02.jpg\" alt=\"\" class=\"wp-image-5197\"\/><\/figure>\n\n\n\n<ul class=\"wp-block-list\">\n<li>Recorridos para escuelas y p\u00fablico en general.<\/li>\n\n\n\n<li>Presentaci\u00f3n de libros.<\/li>\n\n\n\n<li>Exposiciones temporales.<\/li>\n\n\n\n<li>Conferencias acad\u00e9micas.<\/li>\n\n\n\n<li>Curso de Lengua en n\u00e1huatl.<\/li>\n<\/ul>\n\n\n\n<p><strong>Areas del Museo<\/strong><\/p>\n\n\n\n<figure class=\"wp-block-image size-full\"><img loading=\"lazy\" decoding=\"async\" width=\"175\" height=\"200\" src=\"http:\/\/www.culturatlaxcala.com.mx\/wp-content\/uploads\/2024\/07\/Museo_Memoria_03.jpg\" alt=\"\" class=\"wp-image-5199\"\/><\/figure>\n\n\n\n<p>Librer\u00eda, Sala Temporal Luis Reyes Garc\u00eda, Sala Temporal Diego Mu\u00f1oz Camargo, Sala Inmersiva, 5 Salas permanentes, un patio multifuncional y sanitarios.<\/p>\n\n\n\n<p><strong>Contacto<\/strong><\/p>\n\n\n\n<p>Domicilio: Avenida Independencia No. 3 Tlaxcala Centro.<\/p>\n\n\n\n<p>Tel. 246 466 0792<\/p>\n\n\n\n<p><strong>Facebook<\/strong><\/p>\n\n\n\n<p><a href=\"https:\/\/www.facebook.com\/profile.php?id=100082845927095&amp;locale=es_LA\">https:\/\/www.facebook.com\/profile.php?id=100082845927095&amp;locale=es_LA<\/a><\/p>\n\n\n\n<p><strong>instagram<\/strong><\/p>\n\n\n\n<p><a href=\"https:\/\/www.instagram.com\/museodelamemoriadetlaxcala\">https:\/\/www.instagram.com\/museodelamemoriadetlaxcala<\/a><\/p>\n\n\n\n<p><br><\/p>\n","protected":false},"excerpt":{"rendered":"<p>Museo de Arte de Tlaxcala (MAT)Municipio: TlaxcalaColonia: Centro Hist\u00f3ricocp: 90000Calle y n\u00famero: Plaza de la Constituci\u00f3n 21Tel\u00e9fono 1: (246) 4660352&nbsp; Museo Miguel N. Lira Municipio: TlaxcalaColonia: Centrocp: 90000Calle y n\u00famero: Av. Independencia N\u00fam. 6Tel\u00e9fono 1: (246) 11 75 2 09&nbsp; Museo Nacional del T\u00edtere Municipio: HuamantlaColonia: Centro Hist\u00f3ricocp: 90500Calle y n\u00famero: Parque Ju\u00e1rez 15Tel\u00e9fono 1:<\/p>\n<p><a href=\"https:\/\/www.culturatlaxcala.com.mx\/index.php\/infraestructura\/red-de-museos\/\" class=\"more-link themebutton\">Read More<\/a><\/p>\n","protected":false},"author":1,"featured_media":0,"parent":28,"menu_order":3,"comment_status":"closed","ping_status":"closed","template":"","meta":{"footnotes":""},"class_list":["post-39","page","type-page","status-publish","hentry"],"_links":{"self":[{"href":"https:\/\/www.culturatlaxcala.com.mx\/index.php\/wp-json\/wp\/v2\/pages\/39","targetHints":{"allow":["GET"]}}],"collection":[{"href":"https:\/\/www.culturatlaxcala.com.mx\/index.php\/wp-json\/wp\/v2\/pages"}],"about":[{"href":"https:\/\/www.culturatlaxcala.com.mx\/index.php\/wp-json\/wp\/v2\/types\/page"}],"author":[{"embeddable":true,"href":"https:\/\/www.culturatlaxcala.com.mx\/index.php\/wp-json\/wp\/v2\/users\/1"}],"replies":[{"embeddable":true,"href":"https:\/\/www.culturatlaxcala.com.mx\/index.php\/wp-json\/wp\/v2\/comments?post=39"}],"version-history":[{"count":13,"href":"https:\/\/www.culturatlaxcala.com.mx\/index.php\/wp-json\/wp\/v2\/pages\/39\/revisions"}],"predecessor-version":[{"id":7699,"href":"https:\/\/www.culturatlaxcala.com.mx\/index.php\/wp-json\/wp\/v2\/pages\/39\/revisions\/7699"}],"up":[{"embeddable":true,"href":"https:\/\/www.culturatlaxcala.com.mx\/index.php\/wp-json\/wp\/v2\/pages\/28"}],"wp:attachment":[{"href":"https:\/\/www.culturatlaxcala.com.mx\/index.php\/wp-json\/wp\/v2\/media?parent=39"}],"curies":[{"name":"wp","href":"https:\/\/api.w.org\/{rel}","templated":true}]}}