{"id":36,"date":"2022-03-30T02:40:30","date_gmt":"2022-03-30T02:40:30","guid":{"rendered":"http:\/\/www.culturatlaxcala.com.mx\/?page_id=36"},"modified":"2026-03-18T00:59:29","modified_gmt":"2026-03-18T00:59:29","slug":"teatro-xicohtencatl","status":"publish","type":"page","link":"https:\/\/www.culturatlaxcala.com.mx\/index.php\/infraestructura\/teatro-xicohtencatl\/","title":{"rendered":"TEATRO XICOHT\u00c9NCATL"},"content":{"rendered":"\n<figure class=\"wp-block-image size-full\"><img loading=\"lazy\" decoding=\"async\" width=\"174\" height=\"232\" src=\"http:\/\/www.culturatlaxcala.com.mx\/wp-content\/uploads\/2022\/03\/tx.jpg\" alt=\"\" class=\"wp-image-37\"\/><\/figure>\n\n\n\n<p>TEATRO XICOHT\u00c9NCATL<br>Domicilio: Av. Ju\u00e1rez N\u00ba. 21, Col. Centro, CP 90000, Tlaxcala , Tlaxcala<br>Tels. (246) 462 40 73<\/p>\n\n\n\n<p>e-mail: teatroxico@hotmail.com      teatroxicosecutlax@gmail.com<\/p>\n\n\n\n<hr class=\"wp-block-separator has-css-opacity\"\/>\n\n\n\n<p><strong>DATOS GENERALES<\/strong><br>Lleva su nombre en honor al joven guerrero tlaxcalteca que se opuso a la alianza de su pueblo con los conquistadores espa\u00f1oles. Fue inaugurado el 5 de mayo de 1873. El inmueble se ha sometido a varias remodelaciones desde 1886 hasta 1985, a\u00f1o en que el gobierno estatal lo transfiri\u00f3 al Instituto Tlaxcalteca de Cultura. En el a\u00f1o 2000 se conjuntaron recursos del municipio de Tlaxcala, del gobierno estatal y del entonces Consejo Nacional para la Cultura y las Artes, a trav\u00e9s del Programa de Apoyo a la Infraestructura Cultural de los Estados (PAICE), para que este teatro fuera remodelado tanto en su arquitectura como en su equipamiento. La primera presentaci\u00f3n art\u00edstica de que en \u00e9l se tiene registro (1945) fue la comedia dram\u00e1tica Siete mujeres de Navarro y Torrado, a cargo de la Compa\u00f1\u00eda de la actriz Anita Blanch. Presenta obras de teatro, m\u00fasica, danzas cl\u00e1sica, folcl\u00f3rica y contempor\u00e1nea, recitales, cuentos musicales, conferencias y presentaciones de libros.<\/p>\n\n\n\n<hr class=\"wp-block-separator has-css-opacity\"\/>\n\n\n\n<p><strong>FECHA FUNDACION<\/strong><br>1 de enero de 1870<\/p>\n\n\n\n<hr class=\"wp-block-separator has-css-opacity\"\/>\n\n\n\n<p><strong>AFORO<\/strong><br>320<br><strong>Aforo descripci\u00f3n<\/strong><br>\u2022 Localidades numeradas: 138 butacas fijas en el \u00e1rea de luneta<br>\u2022 Palcos de primer nivel: 66 sillas<br>\u2022 Palcos de segundo nivel: 66 sillas<br>\u2022 Galer\u00eda: 30 sillas<br>\u2022 20 sillas (extras)<\/p>\n\n\n\n<hr class=\"wp-block-separator has-css-opacity\"\/>\n\n\n\n<p><strong>ESCENARIO<\/strong><br><strong>Tipo escenario<\/strong><br>italiano<br><strong>Descripci\u00f3n<\/strong><br>\u2022 Tipo: cerrado<br>\u2022 Piso: madera<br>\u2022 Ancho de la boca escena: 7.15 m<br>\u2022 Altura de la boca escena: 8 m<br>\u2022 Distancia del fondo negro al tel\u00f3n de boca: 5.70 m<br>\u2022 Distancia del tel\u00f3n de boca al ciclorama: 5.90 m<br>\u2022 Trampa manual en la parte trasera del foro<br>\u2022 Proscenio: 7.58 m de largo x 2.50 m de ancho<br>\u2022 Altura del piso del escenario a la parrilla: 19 m<br>\u2022 Tiros de acci\u00f3n manual: 11<br>\u2022 Tiros contrapesados: 18<br>\u2022 Distancia entre varas: 35 cm<br>\u2022 De boca escena a vara 1: 40 cm, manual<br>\u2022 De vara 1 a vara 2: 30 cm, contrapesada<br>\u2022 De vara 2 a vara el\u00e9ctrica 1: 50 cm, contrapesada<br>\u2022 De vara el\u00e9ctrica 1 a vara 3: 30 cm, manual<br>\u2022 Varas de desahogos, manuales<br>\u2022 Distancia entre calles: 1.30 m<br>\u2022 Altura m\u00e1xima a la que suben las varas: 2.20 m<\/p>\n\n\n\n<hr class=\"wp-block-separator has-css-opacity\"\/>\n\n\n\n<p><strong>DESAHOGOS<\/strong><br>\u2022 Derecho: 4.85 m de altura x 5.60 m de ancho x 7.40 m de largo<br>\u2022 Izquierdo: 4.85 m de altura x 5 m de ancho x 8.30 m de largo<br>\u2022 Acceso de actores al foro por la parte posterior y ambos lados del escenario<br>\u2022 Comunicaci\u00f3n de lado a lado del escenario por pasillo posterior<br>\u2022 Puerta de acceso de escenograf\u00eda: 3.70 m de ancho x 4.25 m de altura, ubicada en la parte posterior del escenario<\/p>\n\n\n\n<hr class=\"wp-block-separator has-css-opacity\"\/>\n\n\n\n<p><strong>FOSA PARA ORQUESTA<\/strong><br>\u2022 Tipo: fijo<br>\u2022 Altura del piso al escenario 2 m x 2.40 m de ancho x 7.8 m de largo<br>\u2022 1 plataforma<br>\u2022 Fosa practicable<\/p>\n\n\n\n<hr class=\"wp-block-separator has-css-opacity\"\/>\n\n\n\n<p><strong>SERVICIOS ESCENARIO<\/strong><br>\u2022 6 camerinos: 2 ubicados en el foro, 2 en la parte posterior del foro y 2 en la parte superior del foro: 2 de 25 m2; 2 de 23.50 m2 con capacidad para 10 personas cada uno, equipados con sanitarios regaderas y agua caliente; 2 de 2.85 m2 con capacidad para 1 persona sin servicios.<br>\u2022 Patio de tramoya: 71 m2<br>\u2022 Sal\u00f3n de ensayo para orquesta<\/p>\n\n\n\n<hr class=\"wp-block-separator has-css-opacity\"\/>\n\n\n\n<p><strong>PIANO<\/strong><br>\u2022 Marca Kawai, un cuarto de cola<\/p>\n\n\n\n<hr class=\"wp-block-separator has-css-opacity\"\/>\n\n\n\n<p><strong>VESTIDURAS<\/strong><br>\u2022 Tel\u00f3n de boca: horizontal y vertical, color rojo<br>\u2022 Bambalin\u00f3n: 8.40 m de largo x 3 m de ancho<br>\u2022 Prevista: 2 de 8 m de largo x 2.20 m de ancho<br>\u2022 Bambalinas: 5 de 3 m de altura, pueden subir 19 m<br>\u2022 Piernas de escenario: 4 pares de 3 m de ancho x 10 m de altura<br>\u2022 Comod\u00edn<br>\u2022 Ciclorama color az\u00fal<br>\u2022 C\u00e1mara negra de terciopelo antiflama<\/p>\n\n\n\n<hr class=\"wp-block-separator has-css-opacity\"\/>\n\n\n\n<p><strong>ILUMINACION<\/strong><br>\u2022 1 consola de iluminaci\u00f3n marca Strand Lighting, modelo 300 de 125 canales y 2 escenas<br>\u2022 Banco de dimmers marca Strand Lighting, modelo CD80SU-48 de 60 Hz y 2 x 2.4 Kw<br>\u2022 90 reflectores: 32 leekos marca Klight Strand Lighting de 1000-575 w y 120 V; 22 fresneles marca Klight de 1000 w y 120 V; 18 par 64 marca Altman de 1000-575 w y 120 V; 18 plano convexo marca Klight de 1000 w y 120 V<br>\u2022 3 diablas marca Teletec de 4 circuitos y 120 V<br>\u2022 4 ciclolights marca Teletec de 1000 w y 120 V<br>\u2022 2 seguidores marca Kliger de 20 m de alcance y 120 V<br>\u2022 4 varas de iluminaci\u00f3n<br>\u2022 Ciclorama<br>\u2022 Altura m\u00e1xima a la que suben las varas el\u00e9ctricas: 18 m<br>\u2022 Altura m\u00ednima a la que bajan las varas el\u00e9ctricas: 1 m<br>\u2022 2 puentes de iluminaci\u00f3n de 10 circuitos, 1 ubicado en el paso de gatos y 1 frente la cabina<br>\u2022 Distancia de la boca escena a los puentes: 12 y 20 m<br>\u2022 Altura de los puentes al piso del escenario: 15 m<br>\u2022 6 contactos en el foro, ubicados a los laterales<br>\u2022 Extensiones<br>\u2022 3 cortadoras<br>\u2022 Corriente el\u00e9ctrica: Bif\u00e1sica y trif\u00e1sica<\/p>\n\n\n\n<hr class=\"wp-block-separator has-css-opacity\"\/>\n\n\n\n<p><strong>SONIDO<\/strong><br>\u2022 1 consola marca Mackie, modelo SR32-4 de 32 canales, ubicada en cabina<br>\u2022 3 ecualizadores: 2 marca Yamaha, modelo GQ2015A de 15 bandas; 1 marca Biamp, modelo EQ230 de 15 bandas<br>\u2022 2 procesadores marca Biamp, 1 modelo MSP11 de 120 V monoaural; 1 modelo MSP22e de 120 V est\u00e9reo, ubicados en cabina<br>\u2022 1 reproductor de carrete abierto marca Teac, modelo TX2000<br>\u2022 1 reproductor de casete marca Yamaha, modelo KY-W421<br>\u2022 1 reproductor de disco compacto marca Yamaha, modelo CDC575<br>\u2022 5 bafles de sala marca Renkus Heinz: 3 de 2 v\u00edas (PN82) y 300 w; 2 de PN-SUB v\u00edas y 700 w<br>\u2022 2 monitores marca Renkus Heinz de 2 v\u00edas y 300 w<br>\u2022 14 micr\u00f3fonos marca Shure: 1 modelo SM58 inal\u00e1mbrico; 6 modelo SM58 al\u00e1mbrico y omnidireccional; 7 modelo SM57 direccional y al\u00e1mbricos<br>\u2022 14 pedestales: 7 est\u00e1ndar, 4 pesados y 3 con brazo<br>\u2022 Localizaci\u00f3n de la cabina en el tercer nivel hacia el p\u00fablico<br>\u2022 Sistema de intercomunicaci\u00f3n por diademas inal\u00e1mbricas Maxon 49-HX<\/p>\n\n\n\n<hr class=\"wp-block-separator has-css-opacity\"\/>\n\n\n\n<p><strong>VIDEO<\/strong><br>\u2022 1 pantalla manual de 4 m de ancho x 4 m de largo<\/p>\n\n\n\n<hr class=\"wp-block-separator has-css-opacity\"\/>\n\n\n\n<p><strong>EFECTOS ESPECIALES<\/strong><br>\u2022 Reflector de luz negra<br>\u2022 M\u00e1quina de humo<\/p>\n\n\n\n<hr class=\"wp-block-separator has-css-opacity\"\/>\n\n\n\n<p><strong>RECURSOS HUMANOS<\/strong><br>\u2022 1 t\u00e9cnico en iluminaci\u00f3n<br>\u2022 1 t\u00e9cnico en audio<br>\u2022 1 t\u00e9cnico en tramoya<br>\u2022 1 limpieza<br>\u2022 1 secretaria<br>\u2022 1 encargado<\/p>\n\n\n\n<hr class=\"wp-block-separator has-css-opacity\"\/>\n\n\n\n<p><strong>SERVICIOS<\/strong><br>\u2022 Taquilla<br>\u2022 Vest\u00edbulo<br>\u2022 Cafeter\u00eda<br>\u2022 Atenci\u00f3n a discapacitados<br>\u2022 Sanitarios<\/p>\n","protected":false},"excerpt":{"rendered":"<p>TEATRO XICOHT\u00c9NCATLDomicilio: Av. Ju\u00e1rez N\u00ba. 21, Col. Centro, CP 90000, Tlaxcala , TlaxcalaTels. (246) 462 40 73 e-mail: teatroxico@hotmail.com teatroxicosecutlax@gmail.com DATOS GENERALESLleva su nombre en honor al joven guerrero tlaxcalteca que se opuso a la alianza de su pueblo con los conquistadores espa\u00f1oles. Fue inaugurado el 5 de mayo de 1873. El inmueble se ha<\/p>\n<p><a href=\"https:\/\/www.culturatlaxcala.com.mx\/index.php\/infraestructura\/teatro-xicohtencatl\/\" class=\"more-link themebutton\">Read More<\/a><\/p>\n","protected":false},"author":1,"featured_media":0,"parent":28,"menu_order":2,"comment_status":"closed","ping_status":"closed","template":"","meta":{"footnotes":""},"class_list":["post-36","page","type-page","status-publish","hentry"],"_links":{"self":[{"href":"https:\/\/www.culturatlaxcala.com.mx\/index.php\/wp-json\/wp\/v2\/pages\/36","targetHints":{"allow":["GET"]}}],"collection":[{"href":"https:\/\/www.culturatlaxcala.com.mx\/index.php\/wp-json\/wp\/v2\/pages"}],"about":[{"href":"https:\/\/www.culturatlaxcala.com.mx\/index.php\/wp-json\/wp\/v2\/types\/page"}],"author":[{"embeddable":true,"href":"https:\/\/www.culturatlaxcala.com.mx\/index.php\/wp-json\/wp\/v2\/users\/1"}],"replies":[{"embeddable":true,"href":"https:\/\/www.culturatlaxcala.com.mx\/index.php\/wp-json\/wp\/v2\/comments?post=36"}],"version-history":[{"count":4,"href":"https:\/\/www.culturatlaxcala.com.mx\/index.php\/wp-json\/wp\/v2\/pages\/36\/revisions"}],"predecessor-version":[{"id":8494,"href":"https:\/\/www.culturatlaxcala.com.mx\/index.php\/wp-json\/wp\/v2\/pages\/36\/revisions\/8494"}],"up":[{"embeddable":true,"href":"https:\/\/www.culturatlaxcala.com.mx\/index.php\/wp-json\/wp\/v2\/pages\/28"}],"wp:attachment":[{"href":"https:\/\/www.culturatlaxcala.com.mx\/index.php\/wp-json\/wp\/v2\/media?parent=36"}],"curies":[{"name":"wp","href":"https:\/\/api.w.org\/{rel}","templated":true}]}}