{"id":3493,"date":"2023-08-15T19:07:53","date_gmt":"2023-08-15T19:07:53","guid":{"rendered":"http:\/\/www.culturatlaxcala.com.mx\/?page_id=3493"},"modified":"2023-11-13T19:47:29","modified_gmt":"2023-11-13T19:47:29","slug":"contraloria-social-aiec-2023","status":"publish","type":"page","link":"https:\/\/www.culturatlaxcala.com.mx\/index.php\/transparencia\/contraloria-social-aiec-2023\/","title":{"rendered":"Contralor\u00eda social AIEC 2023"},"content":{"rendered":"\n<figure class=\"wp-block-image size-full\"><img loading=\"lazy\" decoding=\"async\" width=\"999\" height=\"593\" src=\"http:\/\/www.culturatlaxcala.com.mx\/wp-content\/uploads\/2023\/08\/AIEC2023-2.jpg\" alt=\"\" class=\"wp-image-3496\" srcset=\"https:\/\/www.culturatlaxcala.com.mx\/wp-content\/uploads\/2023\/08\/AIEC2023-2.jpg 999w, https:\/\/www.culturatlaxcala.com.mx\/wp-content\/uploads\/2023\/08\/AIEC2023-2-300x178.jpg 300w, https:\/\/www.culturatlaxcala.com.mx\/wp-content\/uploads\/2023\/08\/AIEC2023-2-768x456.jpg 768w\" sizes=\"auto, (max-width: 999px) 100vw, 999px\" \/><\/figure>\n\n\n\n<p><strong>MATERIALES DE DIFUSI\u00d3N<\/strong><br><a rel=\"noreferrer noopener\" href=\"http:\/\/www.culturatlaxcala.com.mx\/contraloriaSocial2023\/AIEC2023\/1_Convocatoria2023.pdf\" target=\"_blank\">1.- Convocatoria<\/a><br>\n<a rel=\"noreferrer noopener\" href=\"http:\/\/www.culturatlaxcala.com.mx\/contraloriaSocial2023\/AIEC2023\/ResultConvocaContraloriaSocial2023.pdf\" target=\"_blank\">2.- Resultados de la Convocatoria Contralor\u00eda Social 2023<\/a><br>\n<a rel=\"noreferrer noopener\" href=\"http:\/\/www.culturatlaxcala.com.mx\/contraloriaSocial2023\/AIEC2023\/3_Triptico_2023.pdf\" target=\"_blank\">3.- Tr\u00edptico<\/a>\n\n\n<\/p>\n\n\n\n<p><strong>DOCUMENTOS NORMATIVOS<\/strong><br><a rel=\"noreferrer noopener\" href=\"http:\/\/www.culturatlaxcala.com.mx\/contraloriaSocial2023\/AIEC2023\/1_Esquema_Contralor\u00eda_Social_AIEC_2023.pdf\" target=\"_blank\">1.- Esquema de Contralor\u00eda Social 2023<\/a><br>\n<a rel=\"noreferrer noopener\" href=\"http:\/\/www.culturatlaxcala.com.mx\/contraloriaSocial2023\/AIEC2023\/2_Gu\u00eda_Operativa_de_Contralor\u00eda_Social_AIEC_2023.pdf\" target=\"_blank\">2.- Gu\u00eda Operativa de Contralor\u00eda Social 2023<\/a><br><a rel=\"noreferrer noopener\" href=\"http:\/\/www.culturatlaxcala.com.mx\/contraloriaSocial2023\/AIEC2023\/3_Programa_Anual_de_Trabajo_CS_AIEC_2023.pdf\" target=\"_blank\">3.- Programa Anual de Trabajo Contraloria Social 2023<\/a><br><a rel=\"noreferrer noopener\" href=\"http:\/\/www.culturatlaxcala.com.mx\/contraloriaSocial2023\/AIEC2023\/4_Anexos_de_la_Gu\u00eda_Operativa_Contralor\u00eda_Social_AIEC_2023.pdf\" target=\"_blank\">4.- Anexos de la Guia Operativa CS AIEC 2023<\/a><br><\/p>\n\n\n\n<p><strong>MATERIALES DE CAPACITACI\u00d3N<\/strong><br><a href=\"http:\/\/www.culturatlaxcala.com.mx\/contraloriaSocial2023\/AIEC2023\/1_DiapositivasAIEC2023.pdf\" target=\"_blank\" rel=\"noreferrer noopener\">1.- Diapositivas AIEC 2023<\/a><\/p>\n","protected":false},"excerpt":{"rendered":"<p>MATERIALES DE DIFUSI\u00d3N1.- Convocatoria 2.- Resultados de la Convocatoria Contralor\u00eda Social 2023 3.- Tr\u00edptico DOCUMENTOS NORMATIVOS1.- Esquema de Contralor\u00eda Social 2023 2.- Gu\u00eda Operativa de Contralor\u00eda Social 20233.- Programa Anual de Trabajo Contraloria Social 20234.- Anexos de la Guia Operativa CS AIEC 2023 MATERIALES DE CAPACITACI\u00d3N1.- Diapositivas AIEC 2023<\/p>\n","protected":false},"author":1,"featured_media":0,"parent":70,"menu_order":2,"comment_status":"closed","ping_status":"closed","template":"","meta":{"footnotes":""},"class_list":["post-3493","page","type-page","status-publish","hentry"],"_links":{"self":[{"href":"https:\/\/www.culturatlaxcala.com.mx\/index.php\/wp-json\/wp\/v2\/pages\/3493","targetHints":{"allow":["GET"]}}],"collection":[{"href":"https:\/\/www.culturatlaxcala.com.mx\/index.php\/wp-json\/wp\/v2\/pages"}],"about":[{"href":"https:\/\/www.culturatlaxcala.com.mx\/index.php\/wp-json\/wp\/v2\/types\/page"}],"author":[{"embeddable":true,"href":"https:\/\/www.culturatlaxcala.com.mx\/index.php\/wp-json\/wp\/v2\/users\/1"}],"replies":[{"embeddable":true,"href":"https:\/\/www.culturatlaxcala.com.mx\/index.php\/wp-json\/wp\/v2\/comments?post=3493"}],"version-history":[{"count":10,"href":"https:\/\/www.culturatlaxcala.com.mx\/index.php\/wp-json\/wp\/v2\/pages\/3493\/revisions"}],"predecessor-version":[{"id":4173,"href":"https:\/\/www.culturatlaxcala.com.mx\/index.php\/wp-json\/wp\/v2\/pages\/3493\/revisions\/4173"}],"up":[{"embeddable":true,"href":"https:\/\/www.culturatlaxcala.com.mx\/index.php\/wp-json\/wp\/v2\/pages\/70"}],"wp:attachment":[{"href":"https:\/\/www.culturatlaxcala.com.mx\/index.php\/wp-json\/wp\/v2\/media?parent=3493"}],"curies":[{"name":"wp","href":"https:\/\/api.w.org\/{rel}","templated":true}]}}