{"id":3179,"date":"2023-06-29T16:16:08","date_gmt":"2023-06-29T16:16:08","guid":{"rendered":"http:\/\/www.culturatlaxcala.com.mx\/?page_id=3179"},"modified":"2025-08-01T17:47:39","modified_gmt":"2025-08-01T17:47:39","slug":"comites-de-control-interno","status":"publish","type":"page","link":"https:\/\/www.culturatlaxcala.com.mx\/index.php\/comites-de-control-interno\/","title":{"rendered":"Comit\u00e9s de Control Interno"},"content":{"rendered":"<div class=\"wp-block-image\">\n<figure class=\"aligncenter size-full is-resized\"><img loading=\"lazy\" decoding=\"async\" width=\"298\" height=\"135\" src=\"http:\/\/www.culturatlaxcala.com.mx\/wp-content\/uploads\/2023\/06\/logoSCTlaxcala2022_mail.jpg\" alt=\"\" class=\"wp-image-3182\" style=\"width:298px;height:auto\"\/><\/figure>\n<\/div>\n\n\n<p><strong>INTEGRANTES DEL COMIT\u00c9 DE CONTROL INTERNO<\/strong> DE LA <strong>SECRETAR\u00cdA DE CULTURA DEL ESTADO DE TLAXCALA.<\/strong><\/p>\n\n\n\n<figure class=\"wp-block-table\"><table class=\"has-fixed-layout\"><tbody><tr><td>Karen \u00c1lvarez Villeda. <br>Presidenta del Comit\u00e9 de Control Interno.<\/td><\/tr><tr><td>Luis Enrique L\u00f3pez P\u00e9rez. <br>Vocal Ejecutivo del Comit\u00e9 de Control Interno.<\/td><\/tr><tr><td>Laura Garc\u00eda S\u00e1nchez. <br>Secretaria del Comit\u00e9 de Control Interno.<\/td><\/tr><tr><td>Lohatani Jaquelin Salda\u00f1a Sanluis. <br>Enlace de Control Interno.<\/td><\/tr><tr><td>Jos\u00e9 Luis Grande S\u00e1nchez. <br>Enlace de Administraci\u00f3n de Riesgos.<\/td><\/tr><tr><td>Alejandra Carvajal Gonz\u00e1lez. <br>Vocal.<\/td><\/tr><tr><td>Helena Hern\u00e1ndez De Valle-Arizpe. <br>Vocal.<\/td><\/tr><tr><td>Ignacio Antonio Tapia Echavarr\u00ed. <br>Vocal.<\/td><\/tr><tr><td>Israel Ghenno L\u00f3pez. <br>Vocal.<\/td><\/tr><tr><td>Jes\u00fas Rogelio III Paredes Hidalgo. <br>Vocal.<\/td><\/tr><tr><td>Juan Carlos Ramos Mora. <br>Vocal.<\/td><\/tr><tr><td>Magaly Cruces Arteaga. <br>Vocal.<\/td><\/tr><tr><td>Marco Venchierutti. <br>Vocal.<\/td><\/tr><tr><td>Rosa Mar\u00eda Lucio Parra. <br>Vocal.<\/td><\/tr><tr><td>Rosa Mar\u00eda V\u00e1zquez L\u00f3pez. <br>Vocal.<\/td><\/tr><\/tbody><\/table><\/figure>\n\n\n\n<p><\/p>\n\n\n\n<p class=\"has-text-align-center\"><strong>COMIT\u00c9 DE CONTROL INTERNO.<\/strong><\/p>\n\n\n\n<p><strong>PRESIDENTES DE COMIT\u00c9S DE LA SECRETAR\u00cdA DE CULTURA DEL ESTADO DE TLAXCALA.<\/strong><\/p>\n\n\n\n<figure class=\"wp-block-table\"><table class=\"has-fixed-layout\"><tbody><tr><td><em>Comit\u00e9 de Administraci\u00f3n de Riesgos<\/em><\/td><\/tr><tr><td>Mar\u00eda Janeth Morales Calder\u00f3n. &nbsp;<\/td><\/tr><tr><td><br><em>Comit\u00e9 de Auditoria Interna<\/em><\/td><\/tr><tr><td>Mauricio Morales Rocha. &nbsp;<\/td><\/tr><tr><td><br><em>Grupo Interdisciplinario de Archivo.<\/em><\/td><\/tr><tr><td>Gigi Grande Morales. &nbsp;<\/td><\/tr><\/tbody><\/table><\/figure>\n\n\n\n<figure class=\"wp-block-table\"><table class=\"has-fixed-layout\"><tbody><tr><td><em>Comit\u00e9 de \u00c9tica e Integridad<\/em><\/td><\/tr><tr><td>Jos\u00e9 Luis Grande S\u00e1nchez &nbsp;<\/td><\/tr><tr><td><br><em>Comit\u00e9 de Igualdad de G\u00e9nero.<\/em><\/td><\/tr><tr><td>Alejandra Carvajal Gonz\u00e1lez &nbsp;<\/td><\/tr><tr><td><br><em>Comit\u00e9 de Transparencia.<\/em><\/td><\/tr><tr><td>Jos\u00e9 Luis Grande S\u00e1nchez. &nbsp;<\/td><\/tr><\/tbody><\/table><\/figure>\n","protected":false},"excerpt":{"rendered":"<p>INTEGRANTES DEL COMIT\u00c9 DE CONTROL INTERNO DE LA SECRETAR\u00cdA DE CULTURA DEL ESTADO DE TLAXCALA. Karen \u00c1lvarez Villeda. Presidenta del Comit\u00e9 de Control Interno. Luis Enrique L\u00f3pez P\u00e9rez. Vocal Ejecutivo del Comit\u00e9 de Control Interno. Laura Garc\u00eda S\u00e1nchez. Secretaria del Comit\u00e9 de Control Interno. Lohatani Jaquelin Salda\u00f1a Sanluis. Enlace de Control Interno. Jos\u00e9 Luis Grande<\/p>\n<p><a href=\"https:\/\/www.culturatlaxcala.com.mx\/index.php\/comites-de-control-interno\/\" class=\"more-link themebutton\">Read More<\/a><\/p>\n","protected":false},"author":1,"featured_media":0,"parent":0,"menu_order":1,"comment_status":"closed","ping_status":"closed","template":"","meta":{"footnotes":""},"class_list":["post-3179","page","type-page","status-publish","hentry"],"_links":{"self":[{"href":"https:\/\/www.culturatlaxcala.com.mx\/index.php\/wp-json\/wp\/v2\/pages\/3179","targetHints":{"allow":["GET"]}}],"collection":[{"href":"https:\/\/www.culturatlaxcala.com.mx\/index.php\/wp-json\/wp\/v2\/pages"}],"about":[{"href":"https:\/\/www.culturatlaxcala.com.mx\/index.php\/wp-json\/wp\/v2\/types\/page"}],"author":[{"embeddable":true,"href":"https:\/\/www.culturatlaxcala.com.mx\/index.php\/wp-json\/wp\/v2\/users\/1"}],"replies":[{"embeddable":true,"href":"https:\/\/www.culturatlaxcala.com.mx\/index.php\/wp-json\/wp\/v2\/comments?post=3179"}],"version-history":[{"count":8,"href":"https:\/\/www.culturatlaxcala.com.mx\/index.php\/wp-json\/wp\/v2\/pages\/3179\/revisions"}],"predecessor-version":[{"id":6292,"href":"https:\/\/www.culturatlaxcala.com.mx\/index.php\/wp-json\/wp\/v2\/pages\/3179\/revisions\/6292"}],"wp:attachment":[{"href":"https:\/\/www.culturatlaxcala.com.mx\/index.php\/wp-json\/wp\/v2\/media?parent=3179"}],"curies":[{"name":"wp","href":"https:\/\/api.w.org\/{rel}","templated":true}]}}