{"id":3137,"date":"2023-06-23T16:23:45","date_gmt":"2023-06-23T16:23:45","guid":{"rendered":"http:\/\/www.culturatlaxcala.com.mx\/?page_id=3137"},"modified":"2025-08-01T17:50:35","modified_gmt":"2025-08-01T17:50:35","slug":"control-interno-sc","status":"publish","type":"page","link":"https:\/\/www.culturatlaxcala.com.mx\/index.php\/control-interno-sc\/","title":{"rendered":"CONTROL INTERNO SC"},"content":{"rendered":"\n<p>El Comit\u00e9 de Control interno de la Secretar\u00eda de Cultura se crea para implementar mecanismos que coadyuven al cumplimiento de metas y objetivos de la Secretar\u00eda basados en los principios de legalidad, econom\u00eda, eficacia y eficiencia.<\/p>\n\n\n\n<p><br><a href=\"https:\/\/www.culturatlaxcala.com.mx\/index.php\/control-interno-sc\/normatividad\/\">NORMATIVIDAD<\/a><\/p>\n\n\n\n<p><br><a href=\"https:\/\/www.culturatlaxcala.com.mx\/index.php\/control-interno-sc\/comites-de-control-interno\/\">COMITES DE CONTROL INTERNO<\/a><\/p>\n\n\n\n<p><br><a href=\"https:\/\/www.culturatlaxcala.com.mx\/index.php\/control-interno-sc\/area-coordinadora-de-archivos\/\">\u00c1REA COORDINADORA DE ARCHIVOS<\/a><\/p>\n\n\n\n<p><\/p>\n","protected":false},"excerpt":{"rendered":"<p>El Comit\u00e9 de Control interno de la Secretar\u00eda de Cultura se crea para implementar mecanismos que coadyuven al cumplimiento de metas y objetivos de la Secretar\u00eda basados en los principios de legalidad, econom\u00eda, eficacia y eficiencia. NORMATIVIDAD COMITES DE CONTROL INTERNO \u00c1REA COORDINADORA DE ARCHIVOS<\/p>\n","protected":false},"author":1,"featured_media":0,"parent":0,"menu_order":6,"comment_status":"closed","ping_status":"closed","template":"","meta":{"footnotes":""},"class_list":["post-3137","page","type-page","status-publish","hentry"],"_links":{"self":[{"href":"https:\/\/www.culturatlaxcala.com.mx\/index.php\/wp-json\/wp\/v2\/pages\/3137","targetHints":{"allow":["GET"]}}],"collection":[{"href":"https:\/\/www.culturatlaxcala.com.mx\/index.php\/wp-json\/wp\/v2\/pages"}],"about":[{"href":"https:\/\/www.culturatlaxcala.com.mx\/index.php\/wp-json\/wp\/v2\/types\/page"}],"author":[{"embeddable":true,"href":"https:\/\/www.culturatlaxcala.com.mx\/index.php\/wp-json\/wp\/v2\/users\/1"}],"replies":[{"embeddable":true,"href":"https:\/\/www.culturatlaxcala.com.mx\/index.php\/wp-json\/wp\/v2\/comments?post=3137"}],"version-history":[{"count":5,"href":"https:\/\/www.culturatlaxcala.com.mx\/index.php\/wp-json\/wp\/v2\/pages\/3137\/revisions"}],"predecessor-version":[{"id":7693,"href":"https:\/\/www.culturatlaxcala.com.mx\/index.php\/wp-json\/wp\/v2\/pages\/3137\/revisions\/7693"}],"wp:attachment":[{"href":"https:\/\/www.culturatlaxcala.com.mx\/index.php\/wp-json\/wp\/v2\/media?parent=3137"}],"curies":[{"name":"wp","href":"https:\/\/api.w.org\/{rel}","templated":true}]}}