{"id":30,"date":"2022-03-30T02:36:48","date_gmt":"2022-03-30T02:36:48","guid":{"rendered":"http:\/\/www.culturatlaxcala.com.mx\/?page_id=30"},"modified":"2025-08-01T18:08:37","modified_gmt":"2025-08-01T18:08:37","slug":"centro-de-las-artes","status":"publish","type":"page","link":"https:\/\/www.culturatlaxcala.com.mx\/index.php\/infraestructura\/centro-de-las-artes\/","title":{"rendered":"CENTRO DE LAS ARTES"},"content":{"rendered":"\n<figure class=\"wp-block-image size-full\"><img loading=\"lazy\" decoding=\"async\" width=\"147\" height=\"98\" src=\"http:\/\/www.culturatlaxcala.com.mx\/wp-content\/uploads\/2022\/03\/ceartlax2.jpg\" alt=\"\" class=\"wp-image-31\"\/><\/figure>\n\n\n\n<p><strong>CENTRO DE LAS ARTES DE TLAXCALA<\/strong><br>Calle Fernando Solana No. 1a. Secci\u00f3n, San Luis Apizaquito, Apizaco<br>Tel. 01 241 41 88960 ext. 101 y 102<br><br><br>&nbsp;<\/p>\n\n\n\n<hr class=\"wp-block-separator has-css-opacity\"\/>\n\n\n\n<figure class=\"wp-block-image size-full\"><img loading=\"lazy\" decoding=\"async\" width=\"155\" height=\"110\" src=\"http:\/\/www.culturatlaxcala.com.mx\/wp-content\/uploads\/2022\/03\/emet.jpg\" alt=\"\" class=\"wp-image-32\"\/><\/figure>\n\n\n\n<p><strong>ESCUELA DE M\u00daSICA DEL ESTADO DE TLAXCALA(EMET)<\/strong><br>Calle Fernando Solana, 1ra. Secci\u00f3n, No. 1, San Luis Apizaquito, Apizaco, C.P. 90401<br>Tel\u00e9fonos:<br>01 241 41 8 89 60 ext. 206<br>\u00a0\u00a0<\/p>\n\n\n\n<hr class=\"wp-block-separator has-css-opacity\"\/>\n\n\n\n<figure class=\"wp-block-image size-full\"><img loading=\"lazy\" decoding=\"async\" width=\"158\" height=\"99\" src=\"http:\/\/www.culturatlaxcala.com.mx\/wp-content\/uploads\/2022\/03\/edart.jpg\" alt=\"\" class=\"wp-image-34\"\/><\/figure>\n\n\n\n<p><strong>ESCUELA DE ARTES DE TLAXCALA<\/strong>(EDART)<br>Calle Fernando Solana, 1ra. Secci\u00f3n, No. 1, San Luis Apizaquito, Apizaco, C.P. 90401<br>Tel\u00e9fonos:<br>01 241 41 8 89 60 ext. 158<\/p>\n","protected":false},"excerpt":{"rendered":"<p>CENTRO DE LAS ARTES DE TLAXCALACalle Fernando Solana No. 1a. Secci\u00f3n, San Luis Apizaquito, ApizacoTel. 01 241 41 88960 ext. 101 y 102 &nbsp; ESCUELA DE M\u00daSICA DEL ESTADO DE TLAXCALA(EMET)Calle Fernando Solana, 1ra. Secci\u00f3n, No. 1, San Luis Apizaquito, Apizaco, C.P. 90401Tel\u00e9fonos:01 241 41 8 89 60 ext. 206\u00a0\u00a0 ESCUELA DE ARTES DE TLAXCALA(EDART)Calle<\/p>\n<p><a href=\"https:\/\/www.culturatlaxcala.com.mx\/index.php\/infraestructura\/centro-de-las-artes\/\" class=\"more-link themebutton\">Read More<\/a><\/p>\n","protected":false},"author":1,"featured_media":0,"parent":28,"menu_order":1,"comment_status":"closed","ping_status":"closed","template":"","meta":{"footnotes":""},"class_list":["post-30","page","type-page","status-publish","hentry"],"_links":{"self":[{"href":"https:\/\/www.culturatlaxcala.com.mx\/index.php\/wp-json\/wp\/v2\/pages\/30","targetHints":{"allow":["GET"]}}],"collection":[{"href":"https:\/\/www.culturatlaxcala.com.mx\/index.php\/wp-json\/wp\/v2\/pages"}],"about":[{"href":"https:\/\/www.culturatlaxcala.com.mx\/index.php\/wp-json\/wp\/v2\/types\/page"}],"author":[{"embeddable":true,"href":"https:\/\/www.culturatlaxcala.com.mx\/index.php\/wp-json\/wp\/v2\/users\/1"}],"replies":[{"embeddable":true,"href":"https:\/\/www.culturatlaxcala.com.mx\/index.php\/wp-json\/wp\/v2\/comments?post=30"}],"version-history":[{"count":3,"href":"https:\/\/www.culturatlaxcala.com.mx\/index.php\/wp-json\/wp\/v2\/pages\/30\/revisions"}],"predecessor-version":[{"id":7698,"href":"https:\/\/www.culturatlaxcala.com.mx\/index.php\/wp-json\/wp\/v2\/pages\/30\/revisions\/7698"}],"up":[{"embeddable":true,"href":"https:\/\/www.culturatlaxcala.com.mx\/index.php\/wp-json\/wp\/v2\/pages\/28"}],"wp:attachment":[{"href":"https:\/\/www.culturatlaxcala.com.mx\/index.php\/wp-json\/wp\/v2\/media?parent=30"}],"curies":[{"name":"wp","href":"https:\/\/api.w.org\/{rel}","templated":true}]}}