{"id":25,"date":"2022-03-30T02:26:12","date_gmt":"2022-03-30T02:26:12","guid":{"rendered":"http:\/\/www.culturatlaxcala.com.mx\/?page_id=25"},"modified":"2025-08-07T16:32:38","modified_gmt":"2025-08-07T16:32:38","slug":"directorio","status":"publish","type":"page","link":"https:\/\/www.culturatlaxcala.com.mx\/index.php\/directorio\/","title":{"rendered":"CONTACTO"},"content":{"rendered":"\n<p><br><strong>SECRETAR\u00cdA&nbsp;DE&nbsp;CULTURA&nbsp;TLAXCALA<\/strong><br>Calle Fernando Solana, 1ra. Secci\u00f3n, No. 1, San Luis Apizaquito, Apizaco, C.P. 90401<br>Tel\u00e9fonos:<br>01 241 41 8 89 60 ext. 121<br>e-mail: despacho@culturatlaxcala.com.mx<\/p>\n\n\n\n<hr class=\"wp-block-separator has-css-opacity\"\/>\n\n\n\n<p><strong>CENTROS CULTURALES<\/strong><\/p>\n\n\n\n<p><strong>CENTRO CULTURAL CALPULALPAN<\/strong><br>Xicotencatl 12, Calpulalpan, CP: 90200, Tel\u00e9fono 1: (749) 918 13 56<\/p>\n\n\n\n<p><strong>CENTRO CULTURAL CONTLA<\/strong><\/p>\n\n\n\n<p>Plaza de la Constituci\u00f3n, Centro, Contla Juan Cuamatzi, Tel\u00e9fono:<br>0452461847951<\/p>\n\n\n\n<p><strong>CENTRO CULTURAL CHIAUTEMPAN<\/strong><br>Independencia 8, Barrio de Xaltantla, Chiautempan, CP: 90800, Tel. 01 246 1440979<\/p>\n\n\n\n<p><strong>CENTRO CULTURAL HUAMANTLA<\/strong><br>Parque Ju\u00e1rez No. 17, Centro, Huamantla, CP: 90500,Tel. 01 247 472 13 11<\/p>\n\n\n\n<p><strong>CENTRO CULTURAL PAPALOTLA<\/strong><br>Progresos 3, 2da. Secci\u00f3n, Barrio Potrero, Papalotla, CP: 90790, Tel. 044 24646 98561<\/p>\n\n\n\n<p><strong>CENTRO CULTURAL YAUHQUEMEHCAN<\/strong><br>Plaza Principal, S\/N, San Dionisio Yauhquemehcan<\/p>\n\n\n\n<p><strong>CENTRO CULTURAL HUEYOTLIPAN<\/strong><br>Reforma s\/n, Exconvento, Hueyotlipan, CP: 90240, Tel\u00e9fono 1: (241) 5 00 84<\/p>\n\n\n\n<p><strong>CENTRO CULTURAL IXTENCO<\/strong><br>Calle 11 Sur n\u00fam. 3, Ixtenco, CP: 90580, Tel. (247) 8 04 05<\/p>\n\n\n\n<p><strong>CENTRO CULTURAL TLAXCO<\/strong><br>Calle Benito Ju\u00e1rez 8, CP: 90250, Tel\u00e9fono 1: (249) 6 04 03<\/p>\n\n\n\n<p><strong>CENTRO CULTURAL ZACATELCO<\/strong><br>Edificio Adjunto a la Presidencia Municipal, Zacatelco, CP: 90740, Tel. 2461510445<\/p>\n\n\n\n<hr class=\"wp-block-separator has-css-opacity\"\/>\n\n\n\n<p><strong>MUSEOS<\/strong><\/p>\n\n\n\n<p><strong>MUSEO DE ARTE DE TLAXCALA (MAT)<\/strong><br>Plaza de la Constituci\u00f3n 21, Col. Centro, Tlaxcala, Tel. 01 2464660352<\/p>\n\n\n\n<p><strong>PINACOTECA<\/strong><br>Calle Guerrero No. 15, Col. Centro, C.P. 90000, Tlaxcala, Tel. 01 2464621510<\/p>\n\n\n\n<p><strong>MUSEO MIGUEL N. LIRA<\/strong><br>Independencia No. 6, Col. Centro, Tlaxcala, C.P. 90 000, Tel. 01 246 11 75 2 09<\/p>\n\n\n\n<p><strong>MUSEO NACIONAL DEL T\u00cdTERE (MUNATI)<\/strong><br>Parque Ju\u00e1rez 15, Centro, Huamantla, Tel. 01 247 4721033<\/p>\n\n\n\n<p>M<strong>USEO DE TLAXCO<\/strong><br>Calle Benito Ju\u00e1rez 8, CP: 90250, Tel\u00e9fono 1: (249) 6 04 03<\/p>\n\n\n\n<p><strong>MUSEO DE LA MEMORIA<br><\/strong>Avenida Independencia No. 3 Tlaxcala Centro.<strong><br>Tel\u00e9fono: 246 466 0792<\/strong><\/p>\n\n\n\n<p><strong>MUSEO DE LA RADIO (CENTRO DE LAS ARTES<\/strong>)<br>Calle Fernando Solana, 1ra. Secci\u00f3n, No. 1, San Luis Apizaquito, Apizaco, C.P. 90401<br>Tel\u00e9fono: 01 241 41 8 89 60 ext. 180<\/p>\n\n\n\n<hr class=\"wp-block-separator has-css-opacity\"\/>\n\n\n\n<p><strong>TEATRO<\/strong><\/p>\n\n\n\n<p><strong>TEATRO XICOHT\u00c9NCATL<\/strong><br>Parque Ju\u00e1rez No. 21, Centro, Tlaxcala, C.P. 90 000, Tel. 01 246 46 2 40 73<\/p>\n\n\n\n<p><\/p>\n\n\n\n<hr class=\"wp-block-separator has-css-opacity\"\/>\n\n\n\n<p><strong>CENTRO DE LAS ARTES DE TLAXCALA<\/strong><br>Calle Fernando Solana, 1ra. Secci\u00f3n, No. 1, San Luis Apizaquito, Apizaco, C.P. 90401<br>Tel\u00e9fono: 01 241 41 8 89 60 ext. 143 Y 144<br>e-mail:capacitacion@ceartlax.gob.mx<br>www.ceartlax.gob.mx<\/p>\n\n\n\n<p><strong>ESCUELA DE ARTES DE TLAXCALA<\/strong><br>Calle Fernando Solana, 1ra. Secci\u00f3n, No. 1, San Luis Apizaquito, Apizaco, C.P. 90401<br>Tel\u00e9fonos: 01 241 41 8 89 60 ext. 158<\/p>\n\n\n\n<p><strong>ESCUELA DE M\u00daSICA DEL ESTADO DE TLAXCALA(EMET)<\/strong><br>Calle Fernando Solana, 1ra. Secci\u00f3n, No. 1, San Luis Apizaquito, Apizaco, C.P. 90401<br>Tel\u00e9fonos: 01 241 41 8 89 60 ext. 206<\/p>\n\n\n\n<p><strong>CASA DE MUSICA DE TLAXCALA<\/strong><br>Calle Lardiz\u00e1bal No. 14, Col. Centro, Tlaxcala, Tlax.<br>Tel. 01 246 11 75275<\/p>\n\n\n\n<p><strong>SEDES CASA DE M\u00daSICA<\/strong><\/p>\n\n\n\n<ul class=\"wp-block-list\">\n<li><strong>Orquesta Sinf\u00f3nica Infantil de Tlaxcala<\/strong><\/li>\n<\/ul>\n\n\n\n<p>    Lardizabal, No. 14, Centro, C.P. 90000, Tlaxcala<\/p>\n\n\n\n<p>   Tel.: (246) 117 52 75  correo electr\u00f3nico: <a href=\"mailto:casademusicadetlaxcala@gmail.com\">casademusicadetlaxcala@gmail.com<\/a><\/p>\n\n\n\n<ul class=\"wp-block-list\">\n<li><strong>Orquesta Sinf\u00f3nica Infantil de Santa Cruz Tlaxcala<\/strong><\/li>\n<\/ul>\n\n\n\n<p>    Calle Ignacio Zaragoza No. 8, Col. Centro, Santa Cruz Tlaxcala<\/p>\n\n\n\n<p>    Tel.: 2461256414  correo electr\u00f3nico:  <a href=\"mailto:OSISCT_90@OUTLOOK.ES\">osisct_90@outlook.es<\/a><\/p>\n\n\n\n<ul class=\"wp-block-list\">\n<li><strong>Orquesta Sinf\u00f3nica Infantil de Huamantla<\/strong><\/li>\n<\/ul>\n\n\n\n<p>    Casa Amarilla del Centro Cultural<\/p>\n\n\n\n<p>    Reforma Sur No. 104  (Frente a la Escuela Emiliano Zapata)<\/p>\n\n\n\n<p>    Cel. 247 122 34 28  correo electr\u00f3nico: yulbass40@hotmail.es<\/p>\n\n\n\n<ul class=\"wp-block-list\">\n<li><strong>Orquesta Sinf\u00f3nica Infantil de Apizaco<\/strong><\/li>\n<\/ul>\n\n\n\n<p>    Complejo Cultural Emilio Sanchez Piedras<\/p>\n\n\n\n<p>    Boulevard 16 de Septiembre S\/N (a un costado de la Plaza de Toros)<\/p>\n\n\n\n<p>Tel.: 2484885035 correo electr\u00f3nico: <a href=\"mailto:moreno_hill@hayoo.es\">moreno_hill@hayoo.es<\/a><\/p>\n\n\n\n<p><br><\/p>\n\n\n\n<p><\/p>\n","protected":false},"excerpt":{"rendered":"<p>SECRETAR\u00cdA&nbsp;DE&nbsp;CULTURA&nbsp;TLAXCALACalle Fernando Solana, 1ra. Secci\u00f3n, No. 1, San Luis Apizaquito, Apizaco, C.P. 90401Tel\u00e9fonos:01 241 41 8 89 60 ext. 121e-mail: despacho@culturatlaxcala.com.mx CENTROS CULTURALES CENTRO CULTURAL CALPULALPANXicotencatl 12, Calpulalpan, CP: 90200, Tel\u00e9fono 1: (749) 918 13 56 CENTRO CULTURAL CONTLA Plaza de la Constituci\u00f3n, Centro, Contla Juan Cuamatzi, Tel\u00e9fono:0452461847951 CENTRO CULTURAL CHIAUTEMPANIndependencia 8, Barrio de Xaltantla,<\/p>\n<p><a href=\"https:\/\/www.culturatlaxcala.com.mx\/index.php\/directorio\/\" class=\"more-link themebutton\">Read More<\/a><\/p>\n","protected":false},"author":1,"featured_media":0,"parent":0,"menu_order":2,"comment_status":"closed","ping_status":"closed","template":"","meta":{"footnotes":""},"class_list":["post-25","page","type-page","status-publish","hentry"],"_links":{"self":[{"href":"https:\/\/www.culturatlaxcala.com.mx\/index.php\/wp-json\/wp\/v2\/pages\/25","targetHints":{"allow":["GET"]}}],"collection":[{"href":"https:\/\/www.culturatlaxcala.com.mx\/index.php\/wp-json\/wp\/v2\/pages"}],"about":[{"href":"https:\/\/www.culturatlaxcala.com.mx\/index.php\/wp-json\/wp\/v2\/types\/page"}],"author":[{"embeddable":true,"href":"https:\/\/www.culturatlaxcala.com.mx\/index.php\/wp-json\/wp\/v2\/users\/1"}],"replies":[{"embeddable":true,"href":"https:\/\/www.culturatlaxcala.com.mx\/index.php\/wp-json\/wp\/v2\/comments?post=25"}],"version-history":[{"count":14,"href":"https:\/\/www.culturatlaxcala.com.mx\/index.php\/wp-json\/wp\/v2\/pages\/25\/revisions"}],"predecessor-version":[{"id":7794,"href":"https:\/\/www.culturatlaxcala.com.mx\/index.php\/wp-json\/wp\/v2\/pages\/25\/revisions\/7794"}],"wp:attachment":[{"href":"https:\/\/www.culturatlaxcala.com.mx\/index.php\/wp-json\/wp\/v2\/media?parent=25"}],"curies":[{"name":"wp","href":"https:\/\/api.w.org\/{rel}","templated":true}]}}