{"id":2120,"date":"2022-11-29T23:12:54","date_gmt":"2022-11-29T23:12:54","guid":{"rendered":"http:\/\/www.culturatlaxcala.com.mx\/?page_id=2120"},"modified":"2026-04-27T15:52:29","modified_gmt":"2026-04-27T15:52:29","slug":"transparencia-sc","status":"publish","type":"page","link":"https:\/\/www.culturatlaxcala.com.mx\/index.php\/transparencia\/transparencia-sc\/","title":{"rendered":"TRANSPARENCIA ART. 63"},"content":{"rendered":"\n<p>OBLIGACIONES DE TRANSPARENCIA COMUNES DEL <strong>ARTICULO 63<\/strong> DE LA<br>LEY DE TRANSPARENCIA Y ACCESO A LA INFORMACI\u00d3N P\u00daBLICA DEL ESTADO DE TLAXCALA<\/p>\n\n\n\n<p><a href=\"https:\/\/consultapublicamx.plataformadetransparencia.org.mx\/vut-web\/faces\/view\/consultaPublica.xhtml\" target=\"_blank\" rel=\"noreferrer noopener\">LISTA DE OBLIGACIONES GENERALES<\/a><\/p>\n\n\n\n<p><strong>2021<\/strong><br><a href=\"https:\/\/drive.google.com\/drive\/folders\/1wW5399IXZ866jp8v_JyR2_v0uKz_4xEu?usp=sharing\" target=\"_blank\" rel=\"noreferrer noopener\">Informaci\u00f3n<\/a><br><strong>2022<\/strong><br><a href=\"https:\/\/drive.google.com\/drive\/folders\/13l6luqRxYrR74gp9UcSx7G7xF-aoNGro?usp=sharing\" target=\"_blank\" rel=\"noreferrer noopener\">Informaci\u00f3n<\/a><br><strong>2023<\/strong><br><a href=\"https:\/\/drive.google.com\/drive\/folders\/1OipOCjGgRk1FkIcv_RsDDWK7E0DkI8I-?usp=sharing\" target=\"_blank\" rel=\"noreferrer noopener\">Informaci\u00f3n<\/a><br><strong>2024<\/strong><br> <a href=\"http:\/\/www.culturatlaxcala.com.mx\/transparencia\/concil_sept_cult2024.pdf\" target=\"_blank\" rel=\"noreferrer noopener\">Estado presupuestario del ejercicio 2024 <\/a><\/p>\n\n\n\n<p><strong>2025<\/strong><br> <a href=\"http:\/\/www.culturatlaxcala.com.mx\/transparencia\/conciliacion_SC_ene-mar 2025.pdf\" target=\"_blank\" rel=\"noreferrer noopener\">1.- Conciliaci\u00f3n Enero &#8211; Marzo ejercicio 2025<\/a><br> <a href=\"http:\/\/www.culturatlaxcala.com.mx\/transparencia\/viatico_SC_Enero-Marzo_2025.pdf\" target=\"_blank\" rel=\"noreferrer noopener\">2.- Viaticos Enero &#8211; Marzo ejercicio 2025<\/a><br> 3<a href=\"http:\/\/www.culturatlaxcala.com.mx\/transparencia\/viatico_SC_Abril-Junio_2025.pdf\" target=\"_blank\" rel=\"noreferrer noopener\">.- Viaticos Abril &#8211; Junio ejercicio 2025<\/a><\/p>\n\n\n\n<p> <a href=\"http:\/\/www.culturatlaxcala.com.mx\/transparencia\/viatico_SC_Julio-Septiembre-2025.pdf\" target=\"_blank\" rel=\"noreferrer noopener\">4.- Viaticos Julio &#8211; septiembre ejercicio 2025<\/a><\/p>\n\n\n\n<p><a href=\"http:\/\/www.culturatlaxcala.com.mx\/transparencia\/viatico_SC_Octubre-Diciembre_2025.pdf\" target=\"_blank\" rel=\"noreferrer noopener\">5.- Viaticos Octubre &#8211; Diciembre ejercicio 2025<\/a><\/p>\n\n\n\n<p><strong>202<\/strong>6<\/p>\n\n\n\n<p><a href=\"http:\/\/www.culturatlaxcala.com.mx\/transparencia\/viaticos_SC_Ene-Mar_2026.pdf\" target=\"_blank\" rel=\"noreferrer noopener\">1.- Viaticos Enero &#8211; Marzo ejercicio 2026<\/a><\/p>\n\n\n\n<p><\/p>\n","protected":false},"excerpt":{"rendered":"<p>OBLIGACIONES DE TRANSPARENCIA COMUNES DEL ARTICULO 63 DE LALEY DE TRANSPARENCIA Y ACCESO A LA INFORMACI\u00d3N P\u00daBLICA DEL ESTADO DE TLAXCALA LISTA DE OBLIGACIONES GENERALES 2021Informaci\u00f3n2022Informaci\u00f3n2023Informaci\u00f3n2024 Estado presupuestario del ejercicio 2024 2025 1.- Conciliaci\u00f3n Enero &#8211; Marzo ejercicio 2025 2.- Viaticos Enero &#8211; Marzo ejercicio 2025 3.- Viaticos Abril &#8211; Junio ejercicio 2025 4.- Viaticos<\/p>\n<p><a href=\"https:\/\/www.culturatlaxcala.com.mx\/index.php\/transparencia\/transparencia-sc\/\" class=\"more-link themebutton\">Read More<\/a><\/p>\n","protected":false},"author":1,"featured_media":0,"parent":70,"menu_order":7,"comment_status":"closed","ping_status":"closed","template":"","meta":{"footnotes":""},"class_list":["post-2120","page","type-page","status-publish","hentry"],"_links":{"self":[{"href":"https:\/\/www.culturatlaxcala.com.mx\/index.php\/wp-json\/wp\/v2\/pages\/2120","targetHints":{"allow":["GET"]}}],"collection":[{"href":"https:\/\/www.culturatlaxcala.com.mx\/index.php\/wp-json\/wp\/v2\/pages"}],"about":[{"href":"https:\/\/www.culturatlaxcala.com.mx\/index.php\/wp-json\/wp\/v2\/types\/page"}],"author":[{"embeddable":true,"href":"https:\/\/www.culturatlaxcala.com.mx\/index.php\/wp-json\/wp\/v2\/users\/1"}],"replies":[{"embeddable":true,"href":"https:\/\/www.culturatlaxcala.com.mx\/index.php\/wp-json\/wp\/v2\/comments?post=2120"}],"version-history":[{"count":34,"href":"https:\/\/www.culturatlaxcala.com.mx\/index.php\/wp-json\/wp\/v2\/pages\/2120\/revisions"}],"predecessor-version":[{"id":8625,"href":"https:\/\/www.culturatlaxcala.com.mx\/index.php\/wp-json\/wp\/v2\/pages\/2120\/revisions\/8625"}],"up":[{"embeddable":true,"href":"https:\/\/www.culturatlaxcala.com.mx\/index.php\/wp-json\/wp\/v2\/pages\/70"}],"wp:attachment":[{"href":"https:\/\/www.culturatlaxcala.com.mx\/index.php\/wp-json\/wp\/v2\/media?parent=2120"}],"curies":[{"name":"wp","href":"https:\/\/api.w.org\/{rel}","templated":true}]}}