{"id":17,"date":"2022-03-30T02:12:10","date_gmt":"2022-03-30T02:12:10","guid":{"rendered":"http:\/\/www.culturatlaxcala.com.mx\/?page_id=17"},"modified":"2025-08-01T17:35:47","modified_gmt":"2025-08-01T17:35:47","slug":"mision-y-vision","status":"publish","type":"page","link":"https:\/\/www.culturatlaxcala.com.mx\/index.php\/nosotros\/mision-y-vision\/","title":{"rendered":"Misi\u00f3n y visi\u00f3n"},"content":{"rendered":"\n<figure class=\"wp-block-image size-full\"><img loading=\"lazy\" decoding=\"async\" width=\"488\" height=\"269\" src=\"http:\/\/www.culturatlaxcala.com.mx\/wp-content\/uploads\/2022\/03\/ceartlax.jpg\" alt=\"\" class=\"wp-image-18\" srcset=\"https:\/\/www.culturatlaxcala.com.mx\/wp-content\/uploads\/2022\/03\/ceartlax.jpg 488w, https:\/\/www.culturatlaxcala.com.mx\/wp-content\/uploads\/2022\/03\/ceartlax-300x165.jpg 300w\" sizes=\"auto, (max-width: 488px) 100vw, 488px\" \/><\/figure>\n\n\n\n<p><strong>SECRETAR\u00cdA&nbsp;DE&nbsp;CULTURA&nbsp;TLAXCALA<\/strong><br>La Secretar\u00eda de Tlaxcala fue fundada en 2022 para impulsar la promoci\u00f3n del arte y de la cultura de Tlaxcala, para fomentar el desarrollo de la infraestructura cultural, de la ense\u00f1anza de las artes y de la divulgaci\u00f3n de las m\u00e1s profundas ra\u00edces culturales del pueblo tlaxcalteca, que le dan identidad y particularidades espl\u00e9ndidas en el contexto de la naci\u00f3n mexicana.<\/p>\n\n\n\n<p><strong>MISI\u00d3N<\/strong><br>Promover, difundir, coordinar y desarrollar las manifestaciones de la cultura en general, a fin de favorecer mejores condiciones de calidad de vida a la poblaci\u00f3n del Estado de Tlaxcala mediante el pleno acceso al disfrute y conocimiento de la cultura local y nacional, as\u00ed como a las manifestaciones art\u00edsticas, del patrimonio cultural tangible e intangible, y de la sensibilizaci\u00f3n hacia los procesos creativos, vinculando a la cultura como un medio de desarrollo.<\/p>\n\n\n\n<p><strong>VISI\u00d3N<\/strong><br>Ser el precursor\u00a0 para que los tlaxcaltecas recuperen los valores de su identidad, se realice la recuperaci\u00f3n y preservaci\u00f3n del patrimonio hist\u00f3rico tangible e intangible y ofrecer educaci\u00f3n art\u00edstica a las nuevas generaciones, as\u00ed como la promoci\u00f3n tur\u00edstica con un enfoque cultural<\/p>\n","protected":false},"excerpt":{"rendered":"<p>SECRETAR\u00cdA&nbsp;DE&nbsp;CULTURA&nbsp;TLAXCALALa Secretar\u00eda de Tlaxcala fue fundada en 2022 para impulsar la promoci\u00f3n del arte y de la cultura de Tlaxcala, para fomentar el desarrollo de la infraestructura cultural, de la ense\u00f1anza de las artes y de la divulgaci\u00f3n de las m\u00e1s profundas ra\u00edces culturales del pueblo tlaxcalteca, que le dan identidad y particularidades espl\u00e9ndidas en<\/p>\n<p><a href=\"https:\/\/www.culturatlaxcala.com.mx\/index.php\/nosotros\/mision-y-vision\/\" class=\"more-link themebutton\">Read More<\/a><\/p>\n","protected":false},"author":1,"featured_media":0,"parent":7,"menu_order":3,"comment_status":"closed","ping_status":"closed","template":"","meta":{"footnotes":""},"class_list":["post-17","page","type-page","status-publish","hentry"],"_links":{"self":[{"href":"https:\/\/www.culturatlaxcala.com.mx\/index.php\/wp-json\/wp\/v2\/pages\/17","targetHints":{"allow":["GET"]}}],"collection":[{"href":"https:\/\/www.culturatlaxcala.com.mx\/index.php\/wp-json\/wp\/v2\/pages"}],"about":[{"href":"https:\/\/www.culturatlaxcala.com.mx\/index.php\/wp-json\/wp\/v2\/types\/page"}],"author":[{"embeddable":true,"href":"https:\/\/www.culturatlaxcala.com.mx\/index.php\/wp-json\/wp\/v2\/users\/1"}],"replies":[{"embeddable":true,"href":"https:\/\/www.culturatlaxcala.com.mx\/index.php\/wp-json\/wp\/v2\/comments?post=17"}],"version-history":[{"count":2,"href":"https:\/\/www.culturatlaxcala.com.mx\/index.php\/wp-json\/wp\/v2\/pages\/17\/revisions"}],"predecessor-version":[{"id":1627,"href":"https:\/\/www.culturatlaxcala.com.mx\/index.php\/wp-json\/wp\/v2\/pages\/17\/revisions\/1627"}],"up":[{"embeddable":true,"href":"https:\/\/www.culturatlaxcala.com.mx\/index.php\/wp-json\/wp\/v2\/pages\/7"}],"wp:attachment":[{"href":"https:\/\/www.culturatlaxcala.com.mx\/index.php\/wp-json\/wp\/v2\/media?parent=17"}],"curies":[{"name":"wp","href":"https:\/\/api.w.org\/{rel}","templated":true}]}}