{"id":1318,"date":"2022-08-12T18:07:12","date_gmt":"2022-08-12T18:07:12","guid":{"rendered":"http:\/\/www.culturatlaxcala.com.mx\/?page_id=1318"},"modified":"2022-11-15T20:23:22","modified_gmt":"2022-11-15T20:23:22","slug":"contraloria-social-aiec-2022","status":"publish","type":"page","link":"https:\/\/www.culturatlaxcala.com.mx\/index.php\/transparencia\/contraloria-social-aiec-2022\/","title":{"rendered":"Contraloria social AIEC 2022"},"content":{"rendered":"\n<figure class=\"wp-block-image size-full\"><img loading=\"lazy\" decoding=\"async\" width=\"879\" height=\"616\" src=\"http:\/\/www.culturatlaxcala.com.mx\/wp-content\/uploads\/2022\/08\/ContraloriaSocialAIEC2022.jpg\" alt=\"\" class=\"wp-image-1314\" srcset=\"https:\/\/www.culturatlaxcala.com.mx\/wp-content\/uploads\/2022\/08\/ContraloriaSocialAIEC2022.jpg 879w, https:\/\/www.culturatlaxcala.com.mx\/wp-content\/uploads\/2022\/08\/ContraloriaSocialAIEC2022-300x210.jpg 300w, https:\/\/www.culturatlaxcala.com.mx\/wp-content\/uploads\/2022\/08\/ContraloriaSocialAIEC2022-768x538.jpg 768w\" sizes=\"auto, (max-width: 879px) 100vw, 879px\" \/><\/figure>\n\n\n\n<p><strong>MATERIALES DE DIFUSI\u00d3N<\/strong><br><a rel=\"noreferrer noopener\" href=\"http:\/\/www.culturatlaxcala.com.mx\/contraloriaSocial2022\/AIEC2022\/1_InvitacionesparaintegComContraloriaSocial2022.pdf\" target=\"_blank\">1.- Invitaciones para integraci\u00f3n del Comit\u00e9 de Contraloria Social 2022<\/a><br>\n<a rel=\"noreferrer noopener\" href=\"http:\/\/www.culturatlaxcala.com.mx\/contraloriaSocial2022\/AIEC2022\/2_IntComite_ContraloriaSocial2022.pdf\" target=\"_blank\">2.- Integrantes del Comit\u00e9 de Contraloria Social 2022<\/a><br>\n<a rel=\"noreferrer noopener\" href=\"http:\/\/www.culturatlaxcala.com.mx\/contraloriaSocial2022\/AIEC2022\/3_Triptico.pdf\" target=\"_blank\">3.- Tr\u00edptico<\/a><br>\n<\/p>\n\n<p><strong>DOCUMENTOS NORMATIVOS<\/strong><br><a rel=\"noreferrer noopener\" href=\"http:\/\/www.culturatlaxcala.com.mx\/contraloriaSocial2022\/AIEC2022\/1_EsquemaContraloriaSocial2022.pdf\" target=\"_blank\">1.- Esquema de Contralor\u00eda Social 2022<\/a><br>\n<a rel=\"noreferrer noopener\" href=\"http:\/\/www.culturatlaxcala.com.mx\/contraloriaSocial2022\/AIEC2022\/2_GuiaOperativaContraloriaSocial.pdf\" target=\"_blank\">2.- Gu\u00eda Operativa de Contralor\u00eda Social<\/a><br>\n<a rel=\"noreferrer noopener\" href=\"http:\/\/www.culturatlaxcala.com.mx\/contraloriaSocial2022\/AIEC2022\/3_ProgAnual_TrabajoContraloriaSocial2022.pdf\" target=\"_blank\">3.- Programa Anual de Trabajo Contraloria Social 2022<\/a><br>\n<a rel=\"noreferrer noopener\" href=\"http:\/\/www.culturatlaxcala.com.mx\/contraloriaSocial2022\/AIEC2022\/4_AnexosGuiaOperativaCS_AIEC2022.pdf\" target=\"_blank\">4.- Anexos de la Guia Operativa CS AIEC 2022<\/a><br>\n<\/p>\n<p><strong>MATERIALES DE CAPACITACI\u00d3N<\/strong><br><a rel=\"noreferrer noopener\" href=\"http:\/\/www.culturatlaxcala.com.mx\/contraloriaSocial2022\/AIEC2022\/1_PresentacionCapacitacion_CS_2022.pdf\" target=\"_blank\">1.- Presentaci\u00f3n Capacitaci\u00f3n CS 2022<\/a><br>\n<\/p>\n\n\n","protected":false},"excerpt":{"rendered":"<p>MATERIALES DE DIFUSI\u00d3N1.- Invitaciones para integraci\u00f3n del Comit\u00e9 de Contraloria Social 2022 2.- Integrantes del Comit\u00e9 de Contraloria Social 2022 3.- Tr\u00edptico DOCUMENTOS NORMATIVOS1.- Esquema de Contralor\u00eda Social 2022 2.- Gu\u00eda Operativa de Contralor\u00eda Social 3.- Programa Anual de Trabajo Contraloria Social 2022 4.- Anexos de la Guia Operativa CS AIEC 2022 MATERIALES DE CAPACITACI\u00d3N1.-<\/p>\n<p><a href=\"https:\/\/www.culturatlaxcala.com.mx\/index.php\/transparencia\/contraloria-social-aiec-2022\/\" class=\"more-link themebutton\">Read More<\/a><\/p>\n","protected":false},"author":1,"featured_media":0,"parent":70,"menu_order":1,"comment_status":"closed","ping_status":"closed","template":"","meta":{"footnotes":""},"class_list":["post-1318","page","type-page","status-publish","hentry"],"_links":{"self":[{"href":"https:\/\/www.culturatlaxcala.com.mx\/index.php\/wp-json\/wp\/v2\/pages\/1318","targetHints":{"allow":["GET"]}}],"collection":[{"href":"https:\/\/www.culturatlaxcala.com.mx\/index.php\/wp-json\/wp\/v2\/pages"}],"about":[{"href":"https:\/\/www.culturatlaxcala.com.mx\/index.php\/wp-json\/wp\/v2\/types\/page"}],"author":[{"embeddable":true,"href":"https:\/\/www.culturatlaxcala.com.mx\/index.php\/wp-json\/wp\/v2\/users\/1"}],"replies":[{"embeddable":true,"href":"https:\/\/www.culturatlaxcala.com.mx\/index.php\/wp-json\/wp\/v2\/comments?post=1318"}],"version-history":[{"count":8,"href":"https:\/\/www.culturatlaxcala.com.mx\/index.php\/wp-json\/wp\/v2\/pages\/1318\/revisions"}],"predecessor-version":[{"id":2038,"href":"https:\/\/www.culturatlaxcala.com.mx\/index.php\/wp-json\/wp\/v2\/pages\/1318\/revisions\/2038"}],"up":[{"embeddable":true,"href":"https:\/\/www.culturatlaxcala.com.mx\/index.php\/wp-json\/wp\/v2\/pages\/70"}],"wp:attachment":[{"href":"https:\/\/www.culturatlaxcala.com.mx\/index.php\/wp-json\/wp\/v2\/media?parent=1318"}],"curies":[{"name":"wp","href":"https:\/\/api.w.org\/{rel}","templated":true}]}}